{"id":303,"date":"2025-03-19T13:32:32","date_gmt":"2025-03-19T12:32:32","guid":{"rendered":"https:\/\/humananova.org\/?page_id=303"},"modified":"2026-02-26T10:06:25","modified_gmt":"2026-02-26T09:06:25","slug":"misija-i-vizija","status":"publish","type":"page","link":"https:\/\/humananova.org\/en\/misija-i-vizija\/","title":{"rendered":"Mission and vision"},"content":{"rendered":"<div data-elementor-type=\"wp-page\" data-elementor-id=\"303\" class=\"elementor elementor-303\" data-elementor-post-type=\"page\">\n\t\t\t\t<div data-particle_enable=\"false\" data-particle-mobile-disabled=\"false\" class=\"elementor-element elementor-element-faa8a36 e-flex e-con-boxed e-con e-parent\" data-id=\"faa8a36\" data-element_type=\"container\" data-settings=\"{&quot;background_background&quot;:&quot;classic&quot;}\">\n\t\t\t\t\t<div class=\"e-con-inner\">\n\t\t<div data-particle_enable=\"false\" data-particle-mobile-disabled=\"false\" class=\"elementor-element elementor-element-62ec227 e-con-full e-flex elementor-invisible e-con e-child\" data-id=\"62ec227\" data-element_type=\"container\" data-settings=\"{&quot;animation&quot;:&quot;fadeInUp&quot;,&quot;animation_delay&quot;:200}\">\n\t\t\t\t<div class=\"elementor-element elementor-element-5e13e5c6 elementor-widget elementor-widget-heading\" data-id=\"5e13e5c6\" data-element_type=\"widget\" data-widget_type=\"heading.default\">\n\t\t\t\t<div class=\"elementor-widget-container\">\n\t\t\t\t\t<div class=\"elementor-heading-title elementor-size-default\">Mission and vision<\/div>\t\t\t\t<\/div>\n\t\t\t\t<\/div>\n\t\t\t\t<\/div>\n\t\t<div data-particle_enable=\"false\" data-particle-mobile-disabled=\"false\" class=\"elementor-element elementor-element-79142d63 e-con-full e-flex elementor-invisible e-con e-child\" data-id=\"79142d63\" data-element_type=\"container\" data-settings=\"{&quot;animation&quot;:&quot;fadeInUp&quot;,&quot;animation_delay&quot;:100}\">\n\t\t\t\t<div class=\"elementor-element elementor-element-70b5d2c7 elementor-widget elementor-widget-heading\" data-id=\"70b5d2c7\" data-element_type=\"widget\" data-widget_type=\"heading.default\">\n\t\t\t\t<div class=\"elementor-widget-container\">\n\t\t\t\t\t<h2 class=\"elementor-heading-title elementor-size-default\"><a href=\"#\">Home<\/a><\/h2>\t\t\t\t<\/div>\n\t\t\t\t<\/div>\n\t\t\t\t<div class=\"elementor-element elementor-element-68cdc91b elementor-widget elementor-widget-heading\" data-id=\"68cdc91b\" data-element_type=\"widget\" data-widget_type=\"heading.default\">\n\t\t\t\t<div class=\"elementor-widget-container\">\n\t\t\t\t\t<div class=\"elementor-heading-title elementor-size-default\">><\/div>\t\t\t\t<\/div>\n\t\t\t\t<\/div>\n\t\t\t\t<div class=\"elementor-element elementor-element-5ae63543 elementor-widget elementor-widget-heading\" data-id=\"5ae63543\" data-element_type=\"widget\" data-widget_type=\"heading.default\">\n\t\t\t\t<div class=\"elementor-widget-container\">\n\t\t\t\t\t<h2 class=\"elementor-heading-title elementor-size-default\"><a href=\"#\">About us<\/a><\/h2>\t\t\t\t<\/div>\n\t\t\t\t<\/div>\n\t\t\t\t<\/div>\n\t\t\t\t\t<\/div>\n\t\t\t\t<\/div>\n\t\t\t\t<section data-particle_enable=\"false\" data-particle-mobile-disabled=\"false\" class=\"elementor-section elementor-top-section elementor-element elementor-element-8f6e859 elementor-section-boxed elementor-section-height-default elementor-section-height-default\" data-id=\"8f6e859\" data-element_type=\"section\" data-settings=\"{&quot;background_background&quot;:&quot;classic&quot;}\">\n\t\t\t\t\t\t\t<div class=\"elementor-background-overlay\"><\/div>\n\t\t\t\t\t\t\t<div class=\"elementor-container elementor-column-gap-no\">\n\t\t\t\t\t<div class=\"elementor-column elementor-col-100 elementor-top-column elementor-element elementor-element-7072cf1\" data-id=\"7072cf1\" data-element_type=\"column\">\n\t\t\t<div class=\"elementor-widget-wrap elementor-element-populated\">\n\t\t\t\t\t\t<section data-particle_enable=\"false\" data-particle-mobile-disabled=\"false\" class=\"elementor-section elementor-inner-section elementor-element elementor-element-5e7338e elementor-section-boxed elementor-section-height-default elementor-section-height-default\" data-id=\"5e7338e\" data-element_type=\"section\">\n\t\t\t\t\t\t<div class=\"elementor-container elementor-column-gap-default\">\n\t\t\t\t\t<div class=\"elementor-column elementor-col-50 elementor-inner-column elementor-element elementor-element-2a42cf13\" data-id=\"2a42cf13\" data-element_type=\"column\">\n\t\t\t<div class=\"elementor-widget-wrap elementor-element-populated\">\n\t\t\t\t\t\t<div class=\"elementor-element elementor-element-b5d70a6 elementor-invisible elementor-widget elementor-widget-elementskit-heading\" data-id=\"b5d70a6\" data-element_type=\"widget\" data-settings=\"{&quot;_animation&quot;:&quot;fadeInUp&quot;}\" data-widget_type=\"elementskit-heading.default\">\n\t\t\t\t<div class=\"elementor-widget-container\">\n\t\t\t\t\t<div class=\"ekit-wid-con\" ><div class=\"ekit-heading elementskit-section-title-wraper text_left   ekit_heading_tablet-   ekit_heading_mobile-\"><h2 class=\"ekit-heading--title elementskit-section-title\">MISSION <\/h2><\/div><\/div>\t\t\t\t<\/div>\n\t\t\t\t<\/div>\n\t\t\t\t\t<\/div>\n\t\t<\/div>\n\t\t\t\t<div class=\"elementor-column elementor-col-50 elementor-inner-column elementor-element elementor-element-26d9c321 elementor-invisible\" data-id=\"26d9c321\" data-element_type=\"column\" data-settings=\"{&quot;animation&quot;:&quot;fadeInRight&quot;}\">\n\t\t\t<div class=\"elementor-widget-wrap elementor-element-populated\">\n\t\t\t\t\t\t<div class=\"elementor-element elementor-element-2d74d1fa elementor-widget elementor-widget-text-editor\" data-id=\"2d74d1fa\" data-element_type=\"widget\" data-widget_type=\"text-editor.default\">\n\t\t\t\t<div class=\"elementor-widget-container\">\n\t\t\t\t\t\t\t\t\t<p><span style=\"font-weight: 400;\">We promote the employment of people with disabilities and other socially excluded individuals through a model based on textile waste management, as well as the production and sale of high-quality, innovative textile products made from ecological and recycled materials for domestic and international markets. We contribute to the sustainable development of the local community, poverty reduction, and nature conservation.<\/span><\/p>\t\t\t\t\t\t\t\t<\/div>\n\t\t\t\t<\/div>\n\t\t\t\t\t<\/div>\n\t\t<\/div>\n\t\t\t\t\t<\/div>\n\t\t<\/section>\n\t\t\t\t<section data-particle_enable=\"false\" data-particle-mobile-disabled=\"false\" class=\"elementor-section elementor-inner-section elementor-element elementor-element-89f1a95 elementor-section-boxed elementor-section-height-default elementor-section-height-default\" data-id=\"89f1a95\" data-element_type=\"section\">\n\t\t\t\t\t\t<div class=\"elementor-container elementor-column-gap-default\">\n\t\t\t\t\t<div class=\"elementor-column elementor-col-50 elementor-inner-column elementor-element elementor-element-295cf6d\" data-id=\"295cf6d\" data-element_type=\"column\">\n\t\t\t<div class=\"elementor-widget-wrap elementor-element-populated\">\n\t\t\t\t\t\t<div class=\"elementor-element elementor-element-6e24cd9 elementor-invisible elementor-widget elementor-widget-elementskit-heading\" data-id=\"6e24cd9\" data-element_type=\"widget\" data-settings=\"{&quot;_animation&quot;:&quot;fadeInUp&quot;}\" data-widget_type=\"elementskit-heading.default\">\n\t\t\t\t<div class=\"elementor-widget-container\">\n\t\t\t\t\t<div class=\"ekit-wid-con\" ><div class=\"ekit-heading elementskit-section-title-wraper text_left   ekit_heading_tablet-   ekit_heading_mobile-\"><h2 class=\"ekit-heading--title elementskit-section-title\">VISION <\/h2><\/div><\/div>\t\t\t\t<\/div>\n\t\t\t\t<\/div>\n\t\t\t\t\t<\/div>\n\t\t<\/div>\n\t\t\t\t<div class=\"elementor-column elementor-col-50 elementor-inner-column elementor-element elementor-element-227434c elementor-invisible\" data-id=\"227434c\" data-element_type=\"column\" data-settings=\"{&quot;animation&quot;:&quot;fadeInRight&quot;}\">\n\t\t\t<div class=\"elementor-widget-wrap elementor-element-populated\">\n\t\t\t\t\t\t<div class=\"elementor-element elementor-element-74fb6a7 elementor-widget__width-initial elementor-widget elementor-widget-text-editor\" data-id=\"74fb6a7\" data-element_type=\"widget\" data-widget_type=\"text-editor.default\">\n\t\t\t\t<div class=\"elementor-widget-container\">\n\t\t\t\t\t\t\t\t\t<p><span style=\"font-weight: 400;\">We are a leader in social entrepreneurship, recognized in the broader region. Our cooperative actively contributes to building a society of tolerance and cooperation, helping socially excluded individuals and their families improve their self-confidence and quality of life.<\/span><\/p>\t\t\t\t\t\t\t\t<\/div>\n\t\t\t\t<\/div>\n\t\t\t\t\t<\/div>\n\t\t<\/div>\n\t\t\t\t\t<\/div>\n\t\t<\/section>\n\t\t\t\t\t<\/div>\n\t\t<\/div>\n\t\t\t\t\t<\/div>\n\t\t<\/section>\n\t\t<div data-particle_enable=\"false\" data-particle-mobile-disabled=\"false\" class=\"elementor-element elementor-element-645d388 e-flex e-con-boxed e-con e-parent\" data-id=\"645d388\" data-element_type=\"container\" data-settings=\"{&quot;background_background&quot;:&quot;classic&quot;}\">\n\t\t\t\t\t<div class=\"e-con-inner\">\n\t\t<div data-particle_enable=\"false\" data-particle-mobile-disabled=\"false\" class=\"elementor-element elementor-element-4e2efb54 e-con-full e-flex elementor-invisible e-con e-child\" data-id=\"4e2efb54\" data-element_type=\"container\" data-settings=\"{&quot;animation&quot;:&quot;fadeInUp&quot;,&quot;animation_delay&quot;:100}\">\n\t\t\t\t<div class=\"elementor-element elementor-element-64370cc7 elementor-widget elementor-widget-heading\" data-id=\"64370cc7\" data-element_type=\"widget\" data-widget_type=\"heading.default\">\n\t\t\t\t<div class=\"elementor-widget-container\">\n\t\t\t\t\t<h5 class=\"elementor-heading-title elementor-size-default\">PEOPLE, PLANET, SUSTAINABILITY <\/h5>\t\t\t\t<\/div>\n\t\t\t\t<\/div>\n\t\t\t\t<div class=\"elementor-element elementor-element-3cea6315 elementor-widget elementor-widget-text-editor\" data-id=\"3cea6315\" data-element_type=\"widget\" data-widget_type=\"text-editor.default\">\n\t\t\t\t<div class=\"elementor-widget-container\">\n\t\t\t\t\t\t\t\t\t<p><span style=\"font-weight: 400;\">Socijalna zadruga Humana Nova je dru\u0161tveno poduze\u0107e koje djeluje na 3 podru\u010dja: okoli\u0161nom, dru\u0161tvenom i ekonomskom. <\/span><span style=\"font-weight: 400;\">Na\u0161 tim sastoji se od 62 zaposlenik\/ca, me\u0111u kojima su 37 osobe s invaliditetom, a 20 osoba su pripadnici ostalih marginaliziranih skupina.<\/span><\/p>\t\t\t\t\t\t\t\t<\/div>\n\t\t\t\t<\/div>\n\t\t\t\t<\/div>\n\t\t\t\t\t<\/div>\n\t\t\t\t<\/div>\n\t\t\t\t<section data-particle_enable=\"false\" data-particle-mobile-disabled=\"false\" class=\"elementor-section elementor-top-section elementor-element elementor-element-10393729 elementor-section-boxed elementor-section-height-default elementor-section-height-default\" data-id=\"10393729\" data-element_type=\"section\">\n\t\t\t\t\t\t<div class=\"elementor-container elementor-column-gap-no\">\n\t\t\t\t\t<div class=\"elementor-column elementor-col-100 elementor-top-column elementor-element elementor-element-5056e2d4\" data-id=\"5056e2d4\" data-element_type=\"column\">\n\t\t\t<div class=\"elementor-widget-wrap elementor-element-populated\">\n\t\t\t\t\t\t<section data-particle_enable=\"false\" data-particle-mobile-disabled=\"false\" class=\"elementor-section elementor-inner-section elementor-element elementor-element-400c3f6c elementor-section-boxed elementor-section-height-default elementor-section-height-default elementor-invisible\" data-id=\"400c3f6c\" data-element_type=\"section\" data-settings=\"{&quot;animation&quot;:&quot;fadeInUp&quot;}\">\n\t\t\t\t\t\t<div class=\"elementor-container elementor-column-gap-no\">\n\t\t\t\t\t<div class=\"elementor-column elementor-col-100 elementor-inner-column elementor-element elementor-element-4adb6915\" data-id=\"4adb6915\" data-element_type=\"column\">\n\t\t\t<div class=\"elementor-widget-wrap elementor-element-populated\">\n\t\t\t\t\t\t<div class=\"elementor-element elementor-element-2bd28fae elementor-widget elementor-widget-heading\" data-id=\"2bd28fae\" data-element_type=\"widget\" data-widget_type=\"heading.default\">\n\t\t\t\t<div class=\"elementor-widget-container\">\n\t\t\t\t\t<h2 class=\"elementor-heading-title elementor-size-default\">LET\u2019S TAILOR EQUALITY, TOLERANCE, AND OPPORTUNITIES<\/h2>\t\t\t\t<\/div>\n\t\t\t\t<\/div>\n\t\t\t\t<div class=\"elementor-element elementor-element-70acdb4c elementor-widget elementor-widget-text-editor\" data-id=\"70acdb4c\" data-element_type=\"widget\" data-widget_type=\"text-editor.default\">\n\t\t\t\t<div class=\"elementor-widget-container\">\n\t\t\t\t\t\t\t\t\t<p><span style=\"font-weight: 400;\">The positive social, ecological, and economic impact is our contribution to the community.<\/span><\/p>\t\t\t\t\t\t\t\t<\/div>\n\t\t\t\t<\/div>\n\t\t\t\t\t<\/div>\n\t\t<\/div>\n\t\t\t\t\t<\/div>\n\t\t<\/section>\n\t\t\t\t<section data-particle_enable=\"false\" data-particle-mobile-disabled=\"false\" class=\"elementor-section elementor-inner-section elementor-element elementor-element-77f8535c elementor-section-full_width elementor-section-height-default elementor-section-height-default\" data-id=\"77f8535c\" data-element_type=\"section\">\n\t\t\t\t\t\t<div class=\"elementor-container elementor-column-gap-no\">\n\t\t\t\t\t<div class=\"elementor-column elementor-col-33 elementor-inner-column elementor-element elementor-element-a58fd2e\" data-id=\"a58fd2e\" data-element_type=\"column\" data-settings=\"{&quot;background_background&quot;:&quot;classic&quot;}\">\n\t\t\t<div class=\"elementor-widget-wrap elementor-element-populated\">\n\t\t\t\t\t<div class=\"elementor-background-overlay\"><\/div>\n\t\t\t\t\t\t<div class=\"elementor-element elementor-element-1128079d elementor-widget__width-auto elementor-widget elementor-widget-heading\" data-id=\"1128079d\" data-element_type=\"widget\" data-widget_type=\"heading.default\">\n\t\t\t\t<div class=\"elementor-widget-container\">\n\t\t\t\t\t<h2 class=\"elementor-heading-title elementor-size-default\">WHY?<\/h2>\t\t\t\t<\/div>\n\t\t\t\t<\/div>\n\t\t\t\t<div class=\"elementor-element elementor-element-2237832b elementor-widget-mobile__width-inherit elementor-vertical-align-top elementor-widget elementor-widget-icon-box\" data-id=\"2237832b\" data-element_type=\"widget\" data-widget_type=\"icon-box.default\">\n\t\t\t\t<div class=\"elementor-widget-container\">\n\t\t\t\t\t\t\t<div class=\"elementor-icon-box-wrapper\">\n\n\t\t\t\n\t\t\t\t\t\t<div class=\"elementor-icon-box-content\">\n\n\t\t\t\t\n\t\t\t\t\t\t\t\t\t<p class=\"elementor-icon-box-description\">\n\t\t\t\t\t\tWe believe it is possible to include people with disabilities and individuals from other marginalized groups in the workforce, lifting them from the brink of poverty. We also believe it is possible to responsibly manage textile waste, save resources, and produce new textile items in a sustainable way. \t\t\t\t\t<\/p>\n\t\t\t\t\n\t\t\t<\/div>\n\t\t\t\n\t\t<\/div>\n\t\t\t\t\t\t<\/div>\n\t\t\t\t<\/div>\n\t\t\t\t\t<\/div>\n\t\t<\/div>\n\t\t\t\t<div class=\"elementor-column elementor-col-33 elementor-inner-column elementor-element elementor-element-64f0f704\" data-id=\"64f0f704\" data-element_type=\"column\" data-settings=\"{&quot;background_background&quot;:&quot;classic&quot;}\">\n\t\t\t<div class=\"elementor-widget-wrap elementor-element-populated\">\n\t\t\t\t\t<div class=\"elementor-background-overlay\"><\/div>\n\t\t\t\t\t\t<div class=\"elementor-element elementor-element-4cacb2ca elementor-widget__width-auto elementor-widget elementor-widget-heading\" data-id=\"4cacb2ca\" data-element_type=\"widget\" data-widget_type=\"heading.default\">\n\t\t\t\t<div class=\"elementor-widget-container\">\n\t\t\t\t\t<h2 class=\"elementor-heading-title elementor-size-default\">HOW?<\/h2>\t\t\t\t<\/div>\n\t\t\t\t<\/div>\n\t\t\t\t<div class=\"elementor-element elementor-element-4c09e048 elementor-widget-mobile__width-inherit elementor-vertical-align-top elementor-widget elementor-widget-icon-box\" data-id=\"4c09e048\" data-element_type=\"widget\" data-widget_type=\"icon-box.default\">\n\t\t\t\t<div class=\"elementor-widget-container\">\n\t\t\t\t\t\t\t<div class=\"elementor-icon-box-wrapper\">\n\n\t\t\t\n\t\t\t\t\t\t<div class=\"elementor-icon-box-content\">\n\n\t\t\t\t\n\t\t\t\t\t\t\t\t\t<p class=\"elementor-icon-box-description\">\n\t\t\t\t\t\tThrough social entrepreneurship, cooperativism, labor integration, a circular model of textile waste management, and sustainable production, we empower marginalized individuals who create value in the community through their work. \t\t\t\t\t<\/p>\n\t\t\t\t\n\t\t\t<\/div>\n\t\t\t\n\t\t<\/div>\n\t\t\t\t\t\t<\/div>\n\t\t\t\t<\/div>\n\t\t\t\t\t<\/div>\n\t\t<\/div>\n\t\t\t\t<div class=\"elementor-column elementor-col-33 elementor-inner-column elementor-element elementor-element-7ca2fa97\" data-id=\"7ca2fa97\" data-element_type=\"column\" data-settings=\"{&quot;background_background&quot;:&quot;classic&quot;}\">\n\t\t\t<div class=\"elementor-widget-wrap elementor-element-populated\">\n\t\t\t\t\t<div class=\"elementor-background-overlay\"><\/div>\n\t\t\t\t\t\t<div class=\"elementor-element elementor-element-5c0871fa elementor-widget__width-auto elementor-widget elementor-widget-heading\" data-id=\"5c0871fa\" data-element_type=\"widget\" data-widget_type=\"heading.default\">\n\t\t\t\t<div class=\"elementor-widget-container\">\n\t\t\t\t\t<h2 class=\"elementor-heading-title elementor-size-default\">WHAT?<\/h2>\t\t\t\t<\/div>\n\t\t\t\t<\/div>\n\t\t\t\t<div class=\"elementor-element elementor-element-a6212f9 elementor-widget-mobile__width-inherit elementor-vertical-align-top elementor-widget elementor-widget-icon-box\" data-id=\"a6212f9\" data-element_type=\"widget\" data-widget_type=\"icon-box.default\">\n\t\t\t\t<div class=\"elementor-widget-container\">\n\t\t\t\t\t\t\t<div class=\"elementor-icon-box-wrapper\">\n\n\t\t\t\n\t\t\t\t\t\t<div class=\"elementor-icon-box-content\">\n\n\t\t\t\t\n\t\t\t\t\t\t\t\t\t<p class=\"elementor-icon-box-description\">\n\t\t\t\t\t\tWe create socially and ecologically responsible textile products, provide textile disposal services, and organize creative workshops on textile recycling. Through these activities, we employ people with disabilities and other socially excluded individuals.\t\t\t\t\t<\/p>\n\t\t\t\t\n\t\t\t<\/div>\n\t\t\t\n\t\t<\/div>\n\t\t\t\t\t\t<\/div>\n\t\t\t\t<\/div>\n\t\t\t\t\t<\/div>\n\t\t<\/div>\n\t\t\t\t\t<\/div>\n\t\t<\/section>\n\t\t\t\t\t<\/div>\n\t\t<\/div>\n\t\t\t\t\t<\/div>\n\t\t<\/section>\n\t\t\t\t<\/div>","protected":false},"excerpt":{"rendered":"<p>Misija i vizija Home > o nama MISIJA Poti\u010demo zapo\u0161ljavanje osoba s invaliditetom i drugih dru\u0161tveno isklju\u010denih osoba kroz model gospodarenja tekstilnim otpadom, proizvodnju i prodaju kvalitetnih i inovativnih tekstilnih proizvoda od ekolo\u0161kih i recikliranih materijala za doma\u0107e i inozemna tr\u017ei\u0161ta. Doprinosimo odr\u017eivom razvoju lokalne zajednice, smanjenju siroma\u0161tva i o\u010duvanju prirode. VIZIJA Lider smo dru\u0161tvenog [&hellip;]<\/p>\n","protected":false},"author":1,"featured_media":0,"parent":0,"menu_order":0,"comment_status":"closed","ping_status":"closed","template":"elementor_header_footer","meta":{"footnotes":""},"class_list":["post-303","page","type-page","status-publish","hentry"],"yoast_head":"<!-- This site is optimized with the Yoast SEO plugin v27.5 - https:\/\/yoast.com\/product\/yoast-seo-wordpress\/ -->\n<title>Misija i vizija - Humana Nova<\/title>\n<meta name=\"description\" content=\"Zapo\u0161ljavamo osobe iz marginaliziranih skupina kroz recikla\u017eu tekstila i odr\u017eivu proizvodnju, poti\u010du\u0107i inkluziju, za\u0161titu okoli\u0161a i razvoj.\" \/>\n<meta name=\"robots\" content=\"index, follow, max-snippet:-1, max-image-preview:large, max-video-preview:-1\" \/>\n<link rel=\"canonical\" href=\"https:\/\/humananova.org\/en\/misija-i-vizija\/\" \/>\n<meta property=\"og:locale\" content=\"en_US\" \/>\n<meta property=\"og:type\" content=\"article\" \/>\n<meta property=\"og:title\" content=\"Misija i vizija - Humana Nova\" \/>\n<meta property=\"og:description\" content=\"Zapo\u0161ljavamo osobe iz marginaliziranih skupina kroz recikla\u017eu tekstila i odr\u017eivu proizvodnju, poti\u010du\u0107i inkluziju, za\u0161titu okoli\u0161a i razvoj.\" \/>\n<meta property=\"og:url\" content=\"https:\/\/humananova.org\/en\/misija-i-vizija\/\" \/>\n<meta property=\"og:site_name\" content=\"Humana Nova\" \/>\n<meta property=\"article:publisher\" content=\"https:\/\/www.facebook.com\/humana.nova\/?locale=hr_HR\" \/>\n<meta property=\"article:modified_time\" content=\"2026-02-26T09:06:25+00:00\" \/>\n<meta name=\"twitter:card\" content=\"summary_large_image\" \/>\n<meta name=\"twitter:label1\" content=\"Est. reading time\" \/>\n\t<meta name=\"twitter:data1\" content=\"1 minute\" \/>\n<script type=\"application\/ld+json\" class=\"yoast-schema-graph\">{\"@context\":\"https:\\\/\\\/schema.org\",\"@graph\":[{\"@type\":\"WebPage\",\"@id\":\"https:\\\/\\\/humananova.org\\\/misija-i-vizija\\\/\",\"url\":\"https:\\\/\\\/humananova.org\\\/misija-i-vizija\\\/\",\"name\":\"Misija i vizija - Humana Nova\",\"isPartOf\":{\"@id\":\"https:\\\/\\\/humananova.org\\\/#website\"},\"datePublished\":\"2025-03-19T12:32:32+00:00\",\"dateModified\":\"2026-02-26T09:06:25+00:00\",\"description\":\"Zapo\u0161ljavamo osobe iz marginaliziranih skupina kroz recikla\u017eu tekstila i odr\u017eivu proizvodnju, poti\u010du\u0107i inkluziju, za\u0161titu okoli\u0161a i razvoj.\",\"breadcrumb\":{\"@id\":\"https:\\\/\\\/humananova.org\\\/misija-i-vizija\\\/#breadcrumb\"},\"inLanguage\":\"en-US\",\"potentialAction\":[{\"@type\":\"ReadAction\",\"target\":[\"https:\\\/\\\/humananova.org\\\/misija-i-vizija\\\/\"]}]},{\"@type\":\"BreadcrumbList\",\"@id\":\"https:\\\/\\\/humananova.org\\\/misija-i-vizija\\\/#breadcrumb\",\"itemListElement\":[{\"@type\":\"ListItem\",\"position\":1,\"name\":\"Po\u010detna stranica\",\"item\":\"https:\\\/\\\/humananova.org\\\/\"},{\"@type\":\"ListItem\",\"position\":2,\"name\":\"Misija i vizija\"}]},{\"@type\":\"WebSite\",\"@id\":\"https:\\\/\\\/humananova.org\\\/#website\",\"url\":\"https:\\\/\\\/humananova.org\\\/\",\"name\":\"Humananova\",\"description\":\"\",\"publisher\":{\"@id\":\"https:\\\/\\\/humananova.org\\\/#organization\"},\"potentialAction\":[{\"@type\":\"SearchAction\",\"target\":{\"@type\":\"EntryPoint\",\"urlTemplate\":\"https:\\\/\\\/humananova.org\\\/?s={search_term_string}\"},\"query-input\":{\"@type\":\"PropertyValueSpecification\",\"valueRequired\":true,\"valueName\":\"search_term_string\"}}],\"inLanguage\":\"en-US\"},{\"@type\":\"Organization\",\"@id\":\"https:\\\/\\\/humananova.org\\\/#organization\",\"name\":\"Humananova\",\"url\":\"https:\\\/\\\/humananova.org\\\/\",\"logo\":{\"@type\":\"ImageObject\",\"inLanguage\":\"en-US\",\"@id\":\"https:\\\/\\\/humananova.org\\\/#\\\/schema\\\/logo\\\/image\\\/\",\"url\":\"https:\\\/\\\/humananova.org\\\/wp-content\\\/uploads\\\/2024\\\/01\\\/logo.png\",\"contentUrl\":\"https:\\\/\\\/humananova.org\\\/wp-content\\\/uploads\\\/2024\\\/01\\\/logo.png\",\"width\":609,\"height\":81,\"caption\":\"Humananova\"},\"image\":{\"@id\":\"https:\\\/\\\/humananova.org\\\/#\\\/schema\\\/logo\\\/image\\\/\"},\"sameAs\":[\"https:\\\/\\\/www.facebook.com\\\/humana.nova\\\/?locale=hr_HR\",\"https:\\\/\\\/www.instagram.com\\\/humananova\\\/\"]}]}<\/script>\n<!-- \/ Yoast SEO plugin. -->","yoast_head_json":{"title":"Misija i vizija - Humana Nova","description":"We employ marginalized groups through textile recycling and sustainable production, promoting inclusion, environmental care, and local development.","robots":{"index":"index","follow":"follow","max-snippet":"max-snippet:-1","max-image-preview":"max-image-preview:large","max-video-preview":"max-video-preview:-1"},"canonical":"https:\/\/humananova.org\/en\/misija-i-vizija\/","og_locale":"en_US","og_type":"article","og_title":"Misija i vizija - Humana Nova","og_description":"Zapo\u0161ljavamo osobe iz marginaliziranih skupina kroz recikla\u017eu tekstila i odr\u017eivu proizvodnju, poti\u010du\u0107i inkluziju, za\u0161titu okoli\u0161a i razvoj.","og_url":"https:\/\/humananova.org\/en\/misija-i-vizija\/","og_site_name":"Humana Nova","article_publisher":"https:\/\/www.facebook.com\/humana.nova\/?locale=hr_HR","article_modified_time":"2026-02-26T09:06:25+00:00","twitter_card":"summary_large_image","twitter_misc":{"Est. reading time":"1 minute"},"schema":{"@context":"https:\/\/schema.org","@graph":[{"@type":"WebPage","@id":"https:\/\/humananova.org\/misija-i-vizija\/","url":"https:\/\/humananova.org\/misija-i-vizija\/","name":"Misija i vizija - Humana Nova","isPartOf":{"@id":"https:\/\/humananova.org\/#website"},"datePublished":"2025-03-19T12:32:32+00:00","dateModified":"2026-02-26T09:06:25+00:00","description":"We employ marginalized groups through textile recycling and sustainable production, promoting inclusion, environmental care, and local development.","breadcrumb":{"@id":"https:\/\/humananova.org\/misija-i-vizija\/#breadcrumb"},"inLanguage":"en-US","potentialAction":[{"@type":"ReadAction","target":["https:\/\/humananova.org\/misija-i-vizija\/"]}]},{"@type":"BreadcrumbList","@id":"https:\/\/humananova.org\/misija-i-vizija\/#breadcrumb","itemListElement":[{"@type":"ListItem","position":1,"name":"Po\u010detna stranica","item":"https:\/\/humananova.org\/"},{"@type":"ListItem","position":2,"name":"Misija i vizija"}]},{"@type":"WebSite","@id":"https:\/\/humananova.org\/#website","url":"https:\/\/humananova.org\/","name":"Humananova","description":"","publisher":{"@id":"https:\/\/humananova.org\/#organization"},"potentialAction":[{"@type":"SearchAction","target":{"@type":"EntryPoint","urlTemplate":"https:\/\/humananova.org\/?s={search_term_string}"},"query-input":{"@type":"PropertyValueSpecification","valueRequired":true,"valueName":"search_term_string"}}],"inLanguage":"en-US"},{"@type":"Organization","@id":"https:\/\/humananova.org\/#organization","name":"Humananova","url":"https:\/\/humananova.org\/","logo":{"@type":"ImageObject","inLanguage":"en-US","@id":"https:\/\/humananova.org\/#\/schema\/logo\/image\/","url":"https:\/\/humananova.org\/wp-content\/uploads\/2024\/01\/logo.png","contentUrl":"https:\/\/humananova.org\/wp-content\/uploads\/2024\/01\/logo.png","width":609,"height":81,"caption":"Humananova"},"image":{"@id":"https:\/\/humananova.org\/#\/schema\/logo\/image\/"},"sameAs":["https:\/\/www.facebook.com\/humana.nova\/?locale=hr_HR","https:\/\/www.instagram.com\/humananova\/"]}]}},"_links":{"self":[{"href":"https:\/\/humananova.org\/en\/wp-json\/wp\/v2\/pages\/303","targetHints":{"allow":["GET"]}}],"collection":[{"href":"https:\/\/humananova.org\/en\/wp-json\/wp\/v2\/pages"}],"about":[{"href":"https:\/\/humananova.org\/en\/wp-json\/wp\/v2\/types\/page"}],"author":[{"embeddable":true,"href":"https:\/\/humananova.org\/en\/wp-json\/wp\/v2\/users\/1"}],"replies":[{"embeddable":true,"href":"https:\/\/humananova.org\/en\/wp-json\/wp\/v2\/comments?post=303"}],"version-history":[{"count":121,"href":"https:\/\/humananova.org\/en\/wp-json\/wp\/v2\/pages\/303\/revisions"}],"predecessor-version":[{"id":22237,"href":"https:\/\/humananova.org\/en\/wp-json\/wp\/v2\/pages\/303\/revisions\/22237"}],"wp:attachment":[{"href":"https:\/\/humananova.org\/en\/wp-json\/wp\/v2\/media?parent=303"}],"curies":[{"name":"wp","href":"https:\/\/api.w.org\/{rel}","templated":true}]}}