{"id":624,"date":"2025-04-01T13:54:14","date_gmt":"2025-04-01T11:54:14","guid":{"rendered":"https:\/\/humananova.org\/?page_id=624"},"modified":"2025-05-26T09:13:30","modified_gmt":"2025-05-26T07:13:30","slug":"drustveno-poduzece","status":"publish","type":"page","link":"https:\/\/humananova.org\/en\/drustveno-poduzece\/","title":{"rendered":"Social Enterprise"},"content":{"rendered":"<div data-elementor-type=\"wp-page\" data-elementor-id=\"624\" class=\"elementor elementor-624\" data-elementor-post-type=\"page\">\n\t\t\t\t<div data-particle_enable=\"false\" data-particle-mobile-disabled=\"false\" class=\"elementor-element elementor-element-faa8a36 e-flex e-con-boxed e-con e-parent\" data-id=\"faa8a36\" data-element_type=\"container\" data-settings=\"{&quot;background_background&quot;:&quot;classic&quot;}\">\n\t\t\t\t\t<div class=\"e-con-inner\">\n\t\t<div data-particle_enable=\"false\" data-particle-mobile-disabled=\"false\" class=\"elementor-element elementor-element-62ec227 e-con-full e-flex elementor-invisible e-con e-child\" data-id=\"62ec227\" data-element_type=\"container\" data-settings=\"{&quot;animation&quot;:&quot;fadeInUp&quot;,&quot;animation_delay&quot;:200}\">\n\t\t\t\t<div class=\"elementor-element elementor-element-5e13e5c6 elementor-widget elementor-widget-heading\" data-id=\"5e13e5c6\" data-element_type=\"widget\" data-widget_type=\"heading.default\">\n\t\t\t\t<div class=\"elementor-widget-container\">\n\t\t\t\t\t<div class=\"elementor-heading-title elementor-size-default\">Social Enterprise<\/div>\t\t\t\t<\/div>\n\t\t\t\t<\/div>\n\t\t\t\t<\/div>\n\t\t<div data-particle_enable=\"false\" data-particle-mobile-disabled=\"false\" class=\"elementor-element elementor-element-79142d63 e-con-full e-flex elementor-invisible e-con e-child\" data-id=\"79142d63\" data-element_type=\"container\" data-settings=\"{&quot;animation&quot;:&quot;fadeInUp&quot;,&quot;animation_delay&quot;:100}\">\n\t\t\t\t<div class=\"elementor-element elementor-element-70b5d2c7 elementor-widget elementor-widget-heading\" data-id=\"70b5d2c7\" data-element_type=\"widget\" data-widget_type=\"heading.default\">\n\t\t\t\t<div class=\"elementor-widget-container\">\n\t\t\t\t\t<h2 class=\"elementor-heading-title elementor-size-default\"><a href=\"#\">Home<\/a><\/h2>\t\t\t\t<\/div>\n\t\t\t\t<\/div>\n\t\t\t\t<div class=\"elementor-element elementor-element-68cdc91b elementor-widget elementor-widget-heading\" data-id=\"68cdc91b\" data-element_type=\"widget\" data-widget_type=\"heading.default\">\n\t\t\t\t<div class=\"elementor-widget-container\">\n\t\t\t\t\t<div class=\"elementor-heading-title elementor-size-default\">><\/div>\t\t\t\t<\/div>\n\t\t\t\t<\/div>\n\t\t\t\t<div class=\"elementor-element elementor-element-5ae63543 elementor-widget elementor-widget-heading\" data-id=\"5ae63543\" data-element_type=\"widget\" data-widget_type=\"heading.default\">\n\t\t\t\t<div class=\"elementor-widget-container\">\n\t\t\t\t\t<h2 class=\"elementor-heading-title elementor-size-default\"><a href=\"#\">About us<\/a><\/h2>\t\t\t\t<\/div>\n\t\t\t\t<\/div>\n\t\t\t\t<\/div>\n\t\t\t\t\t<\/div>\n\t\t\t\t<\/div>\n\t\t\t\t<section data-particle_enable=\"false\" data-particle-mobile-disabled=\"false\" class=\"elementor-section elementor-top-section elementor-element elementor-element-8f6e859 elementor-section-boxed elementor-section-height-default elementor-section-height-default\" data-id=\"8f6e859\" data-element_type=\"section\" data-settings=\"{&quot;background_background&quot;:&quot;classic&quot;}\">\n\t\t\t\t\t\t\t<div class=\"elementor-background-overlay\"><\/div>\n\t\t\t\t\t\t\t<div class=\"elementor-container elementor-column-gap-no\">\n\t\t\t\t\t<div class=\"elementor-column elementor-col-100 elementor-top-column elementor-element elementor-element-7072cf1\" data-id=\"7072cf1\" data-element_type=\"column\">\n\t\t\t<div class=\"elementor-widget-wrap elementor-element-populated\">\n\t\t\t\t\t\t<section data-particle_enable=\"false\" data-particle-mobile-disabled=\"false\" class=\"elementor-section elementor-inner-section elementor-element elementor-element-89f1a95 elementor-section-boxed elementor-section-height-default elementor-section-height-default\" data-id=\"89f1a95\" data-element_type=\"section\">\n\t\t\t\t\t\t<div class=\"elementor-container elementor-column-gap-default\">\n\t\t\t\t\t<div class=\"elementor-column elementor-col-100 elementor-inner-column elementor-element elementor-element-d28d7d7\" data-id=\"d28d7d7\" data-element_type=\"column\">\n\t\t\t<div class=\"elementor-widget-wrap elementor-element-populated\">\n\t\t\t\t\t\t<div class=\"elementor-element elementor-element-1ad7ffe elementor-widget elementor-widget-heading\" data-id=\"1ad7ffe\" data-element_type=\"widget\" data-widget_type=\"heading.default\">\n\t\t\t\t<div class=\"elementor-widget-container\">\n\t\t\t\t\t<h2 class=\"elementor-heading-title elementor-size-default\">HUMANA NOVA AS A SOCIAL ENTERPRISE<\/h2>\t\t\t\t<\/div>\n\t\t\t\t<\/div>\n\t\t\t\t<div class=\"elementor-element elementor-element-2c5858c elementor-widget elementor-widget-text-editor\" data-id=\"2c5858c\" data-element_type=\"widget\" data-widget_type=\"text-editor.default\">\n\t\t\t\t<div class=\"elementor-widget-container\">\n\t\t\t\t\t\t\t\t\tSocial entrepreneurship is a business model aimed at achieving a positive ecological and social impact in an economically sustainable way. Humana Nova\u2019s impact on the community arises from the synergy of three core principles: caring for people, caring for the planet, and reinvesting profits.\nThe Humana Nova Social Cooperative is a social enterprise that addresses three pressing issues in today\u2019s society:\t\t\t\t\t\t\t\t<\/div>\n\t\t\t\t<\/div>\n\t\t\t\t<div class=\"elementor-element elementor-element-f6887cb elementor-widget elementor-widget-text-editor\" data-id=\"f6887cb\" data-element_type=\"widget\" data-widget_type=\"text-editor.default\">\n\t\t\t\t<div class=\"elementor-widget-container\">\n\t\t\t\t\t\t\t\t\t<ul><li style=\"font-weight: 400;\" aria-level=\"1\" class=\"translation-block\"><b>Work integration of socially marginalized groups<\/b>\n We employ persons with disabilities and other marginalized groups who face significant barriers in accessing employment. In doing so, we actively contribute to the sustainable development of the local community, improve the quality of life and wellbeing of marginalized individuals and their families, and help reduce poverty.<\/li><\/ul><ul><li aria-level=\"1\" class=\"translation-block\"><b>Textile waste management and caring for the planet<\/b>\n We manage textile surpluses by extending their lifespan or adding new value through a circular textile waste management system. The textiles we collect are reused through second-hand use or redesign, and the remaining textiles are recycled. To date, we have collected over 4,500 tonnes of textiles. In our sewing workshop in \u010cakovec, we use locally sourced and eco-certified materials from Turkey.<\/li><li style=\"font-weight: 400;\" aria-level=\"1\" class=\"translation-block\"><b>Reinvestment of profits into business growth and development<\/b>\n We reinvest profits to preserve existing jobs, create new ones, foster growth and development, invest in employees, and expand and optimize our operations. We aim to create added value for the benefit of the community. As a social cooperative, we are equally driven by social and commercial goals, and we are governed collectively based on cooperative principles.<\/li><\/ul>\t\t\t\t\t\t\t\t<\/div>\n\t\t\t\t<\/div>\n\t\t\t\t<div class=\"elementor-element elementor-element-4f62dec elementor-widget elementor-widget-spacer\" data-id=\"4f62dec\" data-element_type=\"widget\" data-widget_type=\"spacer.default\">\n\t\t\t\t<div class=\"elementor-widget-container\">\n\t\t\t\t\t\t\t<div class=\"elementor-spacer\">\n\t\t\t<div class=\"elementor-spacer-inner\"><\/div>\n\t\t<\/div>\n\t\t\t\t\t\t<\/div>\n\t\t\t\t<\/div>\n\t\t\t\t\t<\/div>\n\t\t<\/div>\n\t\t\t\t\t<\/div>\n\t\t<\/section>\n\t\t\t\t\t<\/div>\n\t\t<\/div>\n\t\t\t\t\t<\/div>\n\t\t<\/section>\n\t\t<div data-particle_enable=\"false\" data-particle-mobile-disabled=\"false\" class=\"elementor-element elementor-element-f5c8cf5 e-flex e-con-boxed e-con e-parent\" data-id=\"f5c8cf5\" data-element_type=\"container\">\n\t\t\t\t\t<div class=\"e-con-inner\">\n\t\t<div data-particle_enable=\"false\" data-particle-mobile-disabled=\"false\" class=\"elementor-element elementor-element-e13f9f7 e-con-full e-flex elementor-invisible e-con e-child\" data-id=\"e13f9f7\" data-element_type=\"container\" data-settings=\"{&quot;animation&quot;:&quot;fadeInUp&quot;,&quot;animation_delay&quot;:100}\">\n\t\t<div data-particle_enable=\"false\" data-particle-mobile-disabled=\"false\" class=\"elementor-element elementor-element-789d50d e-flex e-con-boxed e-con e-child\" data-id=\"789d50d\" data-element_type=\"container\">\n\t\t\t\t\t<div class=\"e-con-inner\">\n\t\t\t\t<div class=\"elementor-element elementor-element-389e8b4 elementor-widget elementor-widget-image\" data-id=\"389e8b4\" data-element_type=\"widget\" data-widget_type=\"image.default\">\n\t\t\t\t<div class=\"elementor-widget-container\">\n\t\t\t\t\t\t\t\t\t\t\t\t\t\t\t<img fetchpriority=\"high\" decoding=\"async\" width=\"1000\" height=\"977\" src=\"https:\/\/humananova.org\/wp-content\/uploads\/2025\/05\/DSC05882.webp\" class=\"attachment-full size-full wp-image-19740\" alt=\"\" srcset=\"https:\/\/humananova.org\/wp-content\/uploads\/2025\/05\/DSC05882.webp 1000w, https:\/\/humananova.org\/wp-content\/uploads\/2025\/05\/DSC05882-300x293.webp 300w, https:\/\/humananova.org\/wp-content\/uploads\/2025\/05\/DSC05882-768x750.webp 768w, https:\/\/humananova.org\/wp-content\/uploads\/2025\/05\/DSC05882-12x12.webp 12w\" sizes=\"(max-width: 1000px) 100vw, 1000px\" \/>\t\t\t\t\t\t\t\t\t\t\t\t\t\t\t<\/div>\n\t\t\t\t<\/div>\n\t\t\t\t\t<\/div>\n\t\t\t\t<\/div>\n\t\t\t\t<\/div>\n\t\t<div data-particle_enable=\"false\" data-particle-mobile-disabled=\"false\" class=\"elementor-element elementor-element-f2d6c6f e-con-full e-flex elementor-invisible e-con e-child\" data-id=\"f2d6c6f\" data-element_type=\"container\" data-settings=\"{&quot;animation&quot;:&quot;fadeInUp&quot;,&quot;animation_delay&quot;:200}\">\n\t\t\t\t<div class=\"elementor-element elementor-element-dbed6ba elementor-widget elementor-widget-heading\" data-id=\"dbed6ba\" data-element_type=\"widget\" data-widget_type=\"heading.default\">\n\t\t\t\t<div class=\"elementor-widget-container\">\n\t\t\t\t\t<h5 class=\"elementor-heading-title elementor-size-default\">What does it mean to be a social cooperative?\n<\/h5>\t\t\t\t<\/div>\n\t\t\t\t<\/div>\n\t\t\t\t<div class=\"elementor-element elementor-element-869da14 elementor-widget elementor-widget-heading\" data-id=\"869da14\" data-element_type=\"widget\" data-widget_type=\"heading.default\">\n\t\t\t\t<div class=\"elementor-widget-container\">\n\t\t\t\t\t<p class=\"elementor-heading-title elementor-size-default\">According to the Croatian Law on Cooperatives, a cooperative is an economic entity in which entrepreneurs\u2014individuals\u2014join forces with other natural or legal persons for their mutual development. The uniting of people with similar visions for a more strategic market presence is one of the guiding principles of a cooperative. At Humana Nova, the cooperative members include associations and individuals who recognize the value of this initiative and the potential of involving persons with disabilities and other socially excluded groups in the production of high-quality, in-demand products.<\/p>\t\t\t\t<\/div>\n\t\t\t\t<\/div>\n\t\t\t\t<\/div>\n\t\t\t\t\t<\/div>\n\t\t\t\t<\/div>\n\t\t\t\t<\/div>","protected":false},"excerpt":{"rendered":"<p>Dru\u0161tveno poduze\u0107e Home > o nama HUMANA NOVA KAO DRU\u0160TVENO PODUZE\u0106E Dru\u0161tveno poduzetni\u0161tvo je poslovni model koji svojim poslovanjem \u017eeli posti\u0107i pozitivan ekolo\u0161ki i dru\u0161tveni u\u010dinak, na ekonomski odr\u017eiv na\u010din.\u00a0 Utjecaj koji Humana Nova ima u zajednicu nastaje djelovanjem kruga koji \u010dine briga o ljudima, briga o planetu i reinvestiranje dobiti. Socijalna zadruga Humana Nova [&hellip;]<\/p>\n","protected":false},"author":1,"featured_media":0,"parent":0,"menu_order":0,"comment_status":"closed","ping_status":"closed","template":"elementor_header_footer","meta":{"footnotes":""},"class_list":["post-624","page","type-page","status-publish","hentry"],"yoast_head":"<!-- This site is optimized with the Yoast SEO plugin v27.5 - https:\/\/yoast.com\/product\/yoast-seo-wordpress\/ -->\n<title>Dru\u0161tveno poduze\u0107e - Humana Nova<\/title>\n<meta name=\"description\" content=\"Dru\u0161tveno poduze\u0107e Humana Nova spaja radnu integraciju, brigu o okoli\u0161u i ulaganje dobiti za odr\u017eiv razvoj zajednice.\" \/>\n<meta name=\"robots\" content=\"index, follow, max-snippet:-1, max-image-preview:large, max-video-preview:-1\" \/>\n<link rel=\"canonical\" href=\"https:\/\/humananova.org\/en\/drustveno-poduzece\/\" \/>\n<meta property=\"og:locale\" content=\"en_US\" \/>\n<meta property=\"og:type\" content=\"article\" \/>\n<meta property=\"og:title\" content=\"Dru\u0161tveno poduze\u0107e - Humana Nova\" \/>\n<meta property=\"og:description\" content=\"Dru\u0161tveno poduze\u0107e Humana Nova spaja radnu integraciju, brigu o okoli\u0161u i ulaganje dobiti za odr\u017eiv razvoj zajednice.\" \/>\n<meta property=\"og:url\" content=\"https:\/\/humananova.org\/en\/drustveno-poduzece\/\" \/>\n<meta property=\"og:site_name\" content=\"Humana Nova\" \/>\n<meta property=\"article:publisher\" content=\"https:\/\/www.facebook.com\/humana.nova\/?locale=hr_HR\" \/>\n<meta property=\"article:modified_time\" content=\"2025-05-26T07:13:30+00:00\" \/>\n<meta property=\"og:image\" content=\"https:\/\/humananova.org\/wp-content\/uploads\/2025\/05\/DSC05882.webp\" \/>\n\t<meta property=\"og:image:width\" content=\"1000\" \/>\n\t<meta property=\"og:image:height\" content=\"977\" \/>\n\t<meta property=\"og:image:type\" content=\"image\/webp\" \/>\n<meta name=\"twitter:card\" content=\"summary_large_image\" \/>\n<meta name=\"twitter:label1\" content=\"Est. reading time\" \/>\n\t<meta name=\"twitter:data1\" content=\"2 minutes\" \/>\n<script type=\"application\/ld+json\" class=\"yoast-schema-graph\">{\"@context\":\"https:\\\/\\\/schema.org\",\"@graph\":[{\"@type\":\"WebPage\",\"@id\":\"https:\\\/\\\/humananova.org\\\/drustveno-poduzece\\\/\",\"url\":\"https:\\\/\\\/humananova.org\\\/drustveno-poduzece\\\/\",\"name\":\"Dru\u0161tveno poduze\u0107e - Humana Nova\",\"isPartOf\":{\"@id\":\"https:\\\/\\\/humananova.org\\\/#website\"},\"primaryImageOfPage\":{\"@id\":\"https:\\\/\\\/humananova.org\\\/drustveno-poduzece\\\/#primaryimage\"},\"image\":{\"@id\":\"https:\\\/\\\/humananova.org\\\/drustveno-poduzece\\\/#primaryimage\"},\"thumbnailUrl\":\"https:\\\/\\\/humananova.org\\\/wp-content\\\/uploads\\\/2025\\\/05\\\/DSC05882.webp\",\"datePublished\":\"2025-04-01T11:54:14+00:00\",\"dateModified\":\"2025-05-26T07:13:30+00:00\",\"description\":\"Dru\u0161tveno poduze\u0107e Humana Nova spaja radnu integraciju, brigu o okoli\u0161u i ulaganje dobiti za odr\u017eiv razvoj zajednice.\",\"breadcrumb\":{\"@id\":\"https:\\\/\\\/humananova.org\\\/drustveno-poduzece\\\/#breadcrumb\"},\"inLanguage\":\"en-US\",\"potentialAction\":[{\"@type\":\"ReadAction\",\"target\":[\"https:\\\/\\\/humananova.org\\\/drustveno-poduzece\\\/\"]}]},{\"@type\":\"ImageObject\",\"inLanguage\":\"en-US\",\"@id\":\"https:\\\/\\\/humananova.org\\\/drustveno-poduzece\\\/#primaryimage\",\"url\":\"https:\\\/\\\/humananova.org\\\/wp-content\\\/uploads\\\/2025\\\/05\\\/DSC05882.webp\",\"contentUrl\":\"https:\\\/\\\/humananova.org\\\/wp-content\\\/uploads\\\/2025\\\/05\\\/DSC05882.webp\"},{\"@type\":\"BreadcrumbList\",\"@id\":\"https:\\\/\\\/humananova.org\\\/drustveno-poduzece\\\/#breadcrumb\",\"itemListElement\":[{\"@type\":\"ListItem\",\"position\":1,\"name\":\"Po\u010detna stranica\",\"item\":\"https:\\\/\\\/humananova.org\\\/\"},{\"@type\":\"ListItem\",\"position\":2,\"name\":\"Dru\u0161tveno poduze\u0107e\"}]},{\"@type\":\"WebSite\",\"@id\":\"https:\\\/\\\/humananova.org\\\/#website\",\"url\":\"https:\\\/\\\/humananova.org\\\/\",\"name\":\"Humananova\",\"description\":\"\",\"publisher\":{\"@id\":\"https:\\\/\\\/humananova.org\\\/#organization\"},\"potentialAction\":[{\"@type\":\"SearchAction\",\"target\":{\"@type\":\"EntryPoint\",\"urlTemplate\":\"https:\\\/\\\/humananova.org\\\/?s={search_term_string}\"},\"query-input\":{\"@type\":\"PropertyValueSpecification\",\"valueRequired\":true,\"valueName\":\"search_term_string\"}}],\"inLanguage\":\"en-US\"},{\"@type\":\"Organization\",\"@id\":\"https:\\\/\\\/humananova.org\\\/#organization\",\"name\":\"Humananova\",\"url\":\"https:\\\/\\\/humananova.org\\\/\",\"logo\":{\"@type\":\"ImageObject\",\"inLanguage\":\"en-US\",\"@id\":\"https:\\\/\\\/humananova.org\\\/#\\\/schema\\\/logo\\\/image\\\/\",\"url\":\"https:\\\/\\\/humananova.org\\\/wp-content\\\/uploads\\\/2024\\\/01\\\/logo.png\",\"contentUrl\":\"https:\\\/\\\/humananova.org\\\/wp-content\\\/uploads\\\/2024\\\/01\\\/logo.png\",\"width\":609,\"height\":81,\"caption\":\"Humananova\"},\"image\":{\"@id\":\"https:\\\/\\\/humananova.org\\\/#\\\/schema\\\/logo\\\/image\\\/\"},\"sameAs\":[\"https:\\\/\\\/www.facebook.com\\\/humana.nova\\\/?locale=hr_HR\",\"https:\\\/\\\/www.instagram.com\\\/humananova\\\/\"]}]}<\/script>\n<!-- \/ Yoast SEO plugin. -->","yoast_head_json":{"title":"Dru\u0161tveno poduze\u0107e - Humana Nova","description":"Humana Nova is a social enterprise that combines work integration, environmental care, and profit reinvestment for sustainable community development.","robots":{"index":"index","follow":"follow","max-snippet":"max-snippet:-1","max-image-preview":"max-image-preview:large","max-video-preview":"max-video-preview:-1"},"canonical":"https:\/\/humananova.org\/en\/drustveno-poduzece\/","og_locale":"en_US","og_type":"article","og_title":"Dru\u0161tveno poduze\u0107e - Humana Nova","og_description":"Dru\u0161tveno poduze\u0107e Humana Nova spaja radnu integraciju, brigu o okoli\u0161u i ulaganje dobiti za odr\u017eiv razvoj zajednice.","og_url":"https:\/\/humananova.org\/en\/drustveno-poduzece\/","og_site_name":"Humana Nova","article_publisher":"https:\/\/www.facebook.com\/humana.nova\/?locale=hr_HR","article_modified_time":"2025-05-26T07:13:30+00:00","og_image":[{"width":1000,"height":977,"url":"https:\/\/humananova.org\/wp-content\/uploads\/2025\/05\/DSC05882.webp","type":"image\/webp"}],"twitter_card":"summary_large_image","twitter_misc":{"Est. reading time":"2 minutes"},"schema":{"@context":"https:\/\/schema.org","@graph":[{"@type":"WebPage","@id":"https:\/\/humananova.org\/drustveno-poduzece\/","url":"https:\/\/humananova.org\/drustveno-poduzece\/","name":"Dru\u0161tveno poduze\u0107e - Humana Nova","isPartOf":{"@id":"https:\/\/humananova.org\/#website"},"primaryImageOfPage":{"@id":"https:\/\/humananova.org\/drustveno-poduzece\/#primaryimage"},"image":{"@id":"https:\/\/humananova.org\/drustveno-poduzece\/#primaryimage"},"thumbnailUrl":"https:\/\/humananova.org\/wp-content\/uploads\/2025\/05\/DSC05882.webp","datePublished":"2025-04-01T11:54:14+00:00","dateModified":"2025-05-26T07:13:30+00:00","description":"Humana Nova is a social enterprise that combines work integration, environmental care, and profit reinvestment for sustainable community development.","breadcrumb":{"@id":"https:\/\/humananova.org\/drustveno-poduzece\/#breadcrumb"},"inLanguage":"en-US","potentialAction":[{"@type":"ReadAction","target":["https:\/\/humananova.org\/drustveno-poduzece\/"]}]},{"@type":"ImageObject","inLanguage":"en-US","@id":"https:\/\/humananova.org\/drustveno-poduzece\/#primaryimage","url":"https:\/\/humananova.org\/wp-content\/uploads\/2025\/05\/DSC05882.webp","contentUrl":"https:\/\/humananova.org\/wp-content\/uploads\/2025\/05\/DSC05882.webp"},{"@type":"BreadcrumbList","@id":"https:\/\/humananova.org\/drustveno-poduzece\/#breadcrumb","itemListElement":[{"@type":"ListItem","position":1,"name":"Po\u010detna stranica","item":"https:\/\/humananova.org\/"},{"@type":"ListItem","position":2,"name":"Dru\u0161tveno poduze\u0107e"}]},{"@type":"WebSite","@id":"https:\/\/humananova.org\/#website","url":"https:\/\/humananova.org\/","name":"Humananova","description":"","publisher":{"@id":"https:\/\/humananova.org\/#organization"},"potentialAction":[{"@type":"SearchAction","target":{"@type":"EntryPoint","urlTemplate":"https:\/\/humananova.org\/?s={search_term_string}"},"query-input":{"@type":"PropertyValueSpecification","valueRequired":true,"valueName":"search_term_string"}}],"inLanguage":"en-US"},{"@type":"Organization","@id":"https:\/\/humananova.org\/#organization","name":"Humananova","url":"https:\/\/humananova.org\/","logo":{"@type":"ImageObject","inLanguage":"en-US","@id":"https:\/\/humananova.org\/#\/schema\/logo\/image\/","url":"https:\/\/humananova.org\/wp-content\/uploads\/2024\/01\/logo.png","contentUrl":"https:\/\/humananova.org\/wp-content\/uploads\/2024\/01\/logo.png","width":609,"height":81,"caption":"Humananova"},"image":{"@id":"https:\/\/humananova.org\/#\/schema\/logo\/image\/"},"sameAs":["https:\/\/www.facebook.com\/humana.nova\/?locale=hr_HR","https:\/\/www.instagram.com\/humananova\/"]}]}},"_links":{"self":[{"href":"https:\/\/humananova.org\/en\/wp-json\/wp\/v2\/pages\/624","targetHints":{"allow":["GET"]}}],"collection":[{"href":"https:\/\/humananova.org\/en\/wp-json\/wp\/v2\/pages"}],"about":[{"href":"https:\/\/humananova.org\/en\/wp-json\/wp\/v2\/types\/page"}],"author":[{"embeddable":true,"href":"https:\/\/humananova.org\/en\/wp-json\/wp\/v2\/users\/1"}],"replies":[{"embeddable":true,"href":"https:\/\/humananova.org\/en\/wp-json\/wp\/v2\/comments?post=624"}],"version-history":[{"count":37,"href":"https:\/\/humananova.org\/en\/wp-json\/wp\/v2\/pages\/624\/revisions"}],"predecessor-version":[{"id":20954,"href":"https:\/\/humananova.org\/en\/wp-json\/wp\/v2\/pages\/624\/revisions\/20954"}],"wp:attachment":[{"href":"https:\/\/humananova.org\/en\/wp-json\/wp\/v2\/media?parent=624"}],"curies":[{"name":"wp","href":"https:\/\/api.w.org\/{rel}","templated":true}]}}