{"id":828,"date":"2025-04-15T07:46:22","date_gmt":"2025-04-15T05:46:22","guid":{"rendered":"https:\/\/humananova.org\/?page_id=828"},"modified":"2025-06-05T18:26:46","modified_gmt":"2025-06-05T16:26:46","slug":"odrziva-moda","status":"publish","type":"page","link":"https:\/\/humananova.org\/en\/odrziva-moda\/","title":{"rendered":"Sustainable fashion"},"content":{"rendered":"<div data-elementor-type=\"wp-page\" data-elementor-id=\"828\" class=\"elementor elementor-828\" data-elementor-post-type=\"page\">\n\t\t\t\t<div data-particle_enable=\"false\" data-particle-mobile-disabled=\"false\" class=\"elementor-element elementor-element-b54b2cf e-flex e-con-boxed e-con e-parent\" data-id=\"b54b2cf\" data-element_type=\"container\" data-settings=\"{&quot;background_background&quot;:&quot;classic&quot;}\">\n\t\t\t\t\t<div class=\"e-con-inner\">\n\t\t<div data-particle_enable=\"false\" data-particle-mobile-disabled=\"false\" class=\"elementor-element elementor-element-a6f6379 e-con-full e-flex elementor-invisible e-con e-child\" data-id=\"a6f6379\" data-element_type=\"container\" data-settings=\"{&quot;animation&quot;:&quot;fadeInUp&quot;,&quot;animation_delay&quot;:200}\">\n\t\t\t\t<div class=\"elementor-element elementor-element-0502722 elementor-widget elementor-widget-heading\" data-id=\"0502722\" data-element_type=\"widget\" data-widget_type=\"heading.default\">\n\t\t\t\t<div class=\"elementor-widget-container\">\n\t\t\t\t\t<div class=\"elementor-heading-title elementor-size-default\">Sustainable fashion\n<\/div>\t\t\t\t<\/div>\n\t\t\t\t<\/div>\n\t\t\t\t<\/div>\n\t\t<div data-particle_enable=\"false\" data-particle-mobile-disabled=\"false\" class=\"elementor-element elementor-element-424043c e-con-full e-flex elementor-invisible e-con e-child\" data-id=\"424043c\" data-element_type=\"container\" data-settings=\"{&quot;animation&quot;:&quot;fadeInUp&quot;,&quot;animation_delay&quot;:100}\">\n\t\t\t\t<div class=\"elementor-element elementor-element-3efb7af elementor-widget elementor-widget-heading\" data-id=\"3efb7af\" data-element_type=\"widget\" data-widget_type=\"heading.default\">\n\t\t\t\t<div class=\"elementor-widget-container\">\n\t\t\t\t\t<h2 class=\"elementor-heading-title elementor-size-default\"><a href=\"#\">What we do<\/a><\/h2>\t\t\t\t<\/div>\n\t\t\t\t<\/div>\n\t\t\t\t<div class=\"elementor-element elementor-element-b0cdcf9 elementor-widget elementor-widget-heading\" data-id=\"b0cdcf9\" data-element_type=\"widget\" data-widget_type=\"heading.default\">\n\t\t\t\t<div class=\"elementor-widget-container\">\n\t\t\t\t\t<div class=\"elementor-heading-title elementor-size-default\">><\/div>\t\t\t\t<\/div>\n\t\t\t\t<\/div>\n\t\t\t\t<div class=\"elementor-element elementor-element-e86abcc elementor-widget elementor-widget-heading\" data-id=\"e86abcc\" data-element_type=\"widget\" data-widget_type=\"heading.default\">\n\t\t\t\t<div class=\"elementor-widget-container\">\n\t\t\t\t\t<h2 class=\"elementor-heading-title elementor-size-default\"><a href=\"#\">Sustainable fashion<\/a><\/h2>\t\t\t\t<\/div>\n\t\t\t\t<\/div>\n\t\t\t\t<\/div>\n\t\t\t\t\t<\/div>\n\t\t\t\t<\/div>\n\t\t\t\t<section data-particle_enable=\"false\" data-particle-mobile-disabled=\"false\" class=\"elementor-section elementor-top-section elementor-element elementor-element-435892e6 elementor-section-boxed elementor-section-height-default elementor-section-height-default\" data-id=\"435892e6\" data-element_type=\"section\">\n\t\t\t\t\t\t<div class=\"elementor-container elementor-column-gap-no\">\n\t\t\t\t\t<div class=\"elementor-column elementor-col-100 elementor-top-column elementor-element elementor-element-71e13119\" data-id=\"71e13119\" data-element_type=\"column\">\n\t\t\t<div class=\"elementor-widget-wrap elementor-element-populated\">\n\t\t\t\t\t\t<div class=\"elementor-element elementor-element-1ada0d44 elementor-widget elementor-widget-heading\" data-id=\"1ada0d44\" data-element_type=\"widget\" data-widget_type=\"heading.default\">\n\t\t\t\t<div class=\"elementor-widget-container\">\n\t\t\t\t\t<h3 class=\"elementor-heading-title elementor-size-default\">SUSTAINABLE FASHION TODAY SAVES THE WORLD TOMORROW <\/h3>\t\t\t\t<\/div>\n\t\t\t\t<\/div>\n\t\t\t\t<div class=\"elementor-element elementor-element-58077c55 elementor-widget elementor-widget-text-editor\" data-id=\"58077c55\" data-element_type=\"widget\" data-widget_type=\"text-editor.default\">\n\t\t\t\t<div class=\"elementor-widget-container\">\n\t\t\t\t\t\t\t\t\t<p>Driven by the fact that the textile industry is one of the world\u2019s biggest polluters and that clothing production has drastically increased over the past two decades, we\u2019ve chosen to offer an alternative in the world of fashion.<\/p><p>Instead of fast fashion, which relies on rapid and mass production, our mission is slow or sustainable fashion. It\u2019s not just a trend \u2014 it\u2019s a revolution that\u2019s changing the way we view clothing and how it\u2019s made.<\/p>\t\t\t\t\t\t\t\t<\/div>\n\t\t\t\t<\/div>\n\t\t\t\t<div class=\"elementor-element elementor-element-19bf4dc elementor-align-left elementor-widget elementor-widget-button\" data-id=\"19bf4dc\" data-element_type=\"widget\" data-widget_type=\"button.default\">\n\t\t\t\t<div class=\"elementor-widget-container\">\n\t\t\t\t\t\t\t\t\t<div class=\"elementor-button-wrapper\">\n\t\t\t\t\t<a class=\"elementor-button elementor-button-link elementor-size-sm\" href=\"https:\/\/webshop.humananova.org\/en\/\">\n\t\t\t\t\t\t<span class=\"elementor-button-content-wrapper\">\n\t\t\t\t\t\t\t\t\t<span class=\"elementor-button-text\">webshop<\/span>\n\t\t\t\t\t<\/span>\n\t\t\t\t\t<\/a>\n\t\t\t\t<\/div>\n\t\t\t\t\t\t\t\t<\/div>\n\t\t\t\t<\/div>\n\t\t\t\t\t<\/div>\n\t\t<\/div>\n\t\t\t\t\t<\/div>\n\t\t<\/section>\n\t\t<div data-particle_enable=\"false\" data-particle-mobile-disabled=\"false\" class=\"elementor-element elementor-element-3f6eb27 e-flex e-con-boxed e-con e-parent\" data-id=\"3f6eb27\" data-element_type=\"container\">\n\t\t\t\t\t<div class=\"e-con-inner\">\n\t\t<div data-particle_enable=\"false\" data-particle-mobile-disabled=\"false\" class=\"elementor-element elementor-element-cffe0bd e-con-full e-flex e-con e-child\" data-id=\"cffe0bd\" data-element_type=\"container\">\n\t\t\t\t<div class=\"elementor-element elementor-element-9aa2836 elementor-widget elementor-widget-heading\" data-id=\"9aa2836\" data-element_type=\"widget\" data-widget_type=\"heading.default\">\n\t\t\t\t<div class=\"elementor-widget-container\">\n\t\t\t\t\t<h3 class=\"elementor-heading-title elementor-size-default\">THE PROCESS OF CREATING UNIQUE ITEMS AT HUMANA NOVA<\/h3>\t\t\t\t<\/div>\n\t\t\t\t<\/div>\n\t\t\t\t<div class=\"elementor-element elementor-element-6707838 elementor-widget elementor-widget-text-editor\" data-id=\"6707838\" data-element_type=\"widget\" data-widget_type=\"text-editor.default\">\n\t\t\t\t<div class=\"elementor-widget-container\">\n\t\t\t\t\t\t\t\t\t<ol><li><span style=\"font-weight: 400;\">The process begins with a deep understanding of materials, sorting those that can be reused, and collecting production surplus.<br \/><br \/><\/span><\/li><li><span style=\"font-weight: 400;\">Next comes the creative design phase, based on what is available and what can be used. This requires knowledge of material combinations, color matching, and functional product development.<br \/><br \/><\/span><\/li><li><span style=\"font-weight: 400;\">The final steps are cutting and sewing. <\/span><\/li><\/ol>\t\t\t\t\t\t\t\t<\/div>\n\t\t\t\t<\/div>\n\t\t\t\t<\/div>\n\t\t\t\t\t<\/div>\n\t\t\t\t<\/div>\n\t\t<div data-particle_enable=\"false\" data-particle-mobile-disabled=\"false\" class=\"elementor-element elementor-element-7a6443a1 e-flex e-con-boxed e-con e-parent\" data-id=\"7a6443a1\" data-element_type=\"container\" data-settings=\"{&quot;background_background&quot;:&quot;classic&quot;}\">\n\t\t\t\t\t<div class=\"e-con-inner\">\n\t\t<div data-particle_enable=\"false\" data-particle-mobile-disabled=\"false\" class=\"elementor-element elementor-element-5f03fc92 e-flex e-con-boxed e-con e-child\" data-id=\"5f03fc92\" data-element_type=\"container\" data-settings=\"{&quot;background_background&quot;:&quot;classic&quot;}\">\n\t\t\t\t\t<div class=\"e-con-inner\">\n\t\t<div data-particle_enable=\"false\" data-particle-mobile-disabled=\"false\" class=\"elementor-element elementor-element-36fe5c17 e-con-full e-flex e-con e-child\" data-id=\"36fe5c17\" data-element_type=\"container\" data-settings=\"{&quot;background_background&quot;:&quot;classic&quot;}\">\n\t\t\t\t<div class=\"elementor-element elementor-element-0e89035 eael-infobox-shape-radius eael-infobox-content-align--center eael-infobox-hover-img-shape-square elementor-widget elementor-widget-eael-info-box\" data-id=\"0e89035\" data-element_type=\"widget\" data-widget_type=\"eael-info-box.default\">\n\t\t\t\t<div class=\"elementor-widget-container\">\n\t\t\t\t\t        <div class=\"eael-infobox\">\n\t            <div class=\"infobox-icon\">\n\n                            <img decoding=\"async\" src=\"https:\/\/humananova.org\/wp-content\/uploads\/2025\/04\/Foto-1-1.jpg\" alt=\"\">\n            \n            \n            \n        <\/div>\n            <div class=\"infobox-content\">\n                    <div class=\"infobox-title-section\">\n                <span class=\"title\">CREATIVE<\/span>            <\/div>\n            <div><p><span style=\"font-weight: 400;\">A raincoat made from waterproof curtains. What else could it become?<\/span><\/p><\/div>        <\/div>\n            <\/div>\n\n\t\t\t\t\t\t<\/div>\n\t\t\t\t<\/div>\n\t\t\t\t<\/div>\n\t\t<div data-particle_enable=\"false\" data-particle-mobile-disabled=\"false\" class=\"elementor-element elementor-element-1858e627 e-con-full e-flex e-con e-child\" data-id=\"1858e627\" data-element_type=\"container\">\n\t\t\t\t<div class=\"elementor-element elementor-element-62c0390 eael-infobox-shape-radius eael-infobox-content-align--center eael-infobox-hover-img-shape-square elementor-widget elementor-widget-eael-info-box\" data-id=\"62c0390\" data-element_type=\"widget\" data-widget_type=\"eael-info-box.default\">\n\t\t\t\t<div class=\"elementor-widget-container\">\n\t\t\t\t\t        <div class=\"eael-infobox\">\n\t            <div class=\"infobox-icon\">\n\n                            <img decoding=\"async\" src=\"https:\/\/humananova.org\/wp-content\/uploads\/2025\/04\/Foto-2-1.jpg\" alt=\"\">\n            \n            \n            \n        <\/div>\n            <div class=\"infobox-content\">\n                    <div class=\"infobox-title-section\">\n                <span class=\"title\">FUNCTIONAL<\/span>            <\/div>\n            <div><p><span style=\"font-weight: 400;\">A backpack that also functions as a shoulder bag, with enough compartments and a key loop.<\/span><\/p><\/div>        <\/div>\n            <\/div>\n\n\t\t\t\t\t\t<\/div>\n\t\t\t\t<\/div>\n\t\t\t\t<\/div>\n\t\t<div data-particle_enable=\"false\" data-particle-mobile-disabled=\"false\" class=\"elementor-element elementor-element-4236a68b e-con-full e-flex e-con e-child\" data-id=\"4236a68b\" data-element_type=\"container\">\n\t\t\t\t<div class=\"elementor-element elementor-element-b8e1534 eael-infobox-shape-radius eael-infobox-content-align--center eael-infobox-hover-img-shape-square elementor-widget elementor-widget-eael-info-box\" data-id=\"b8e1534\" data-element_type=\"widget\" data-widget_type=\"eael-info-box.default\">\n\t\t\t\t<div class=\"elementor-widget-container\">\n\t\t\t\t\t        <div class=\"eael-infobox\">\n\t            <div class=\"infobox-icon\">\n\n                            <img decoding=\"async\" src=\"https:\/\/humananova.org\/wp-content\/uploads\/2025\/04\/Foto-3.jpg\" alt=\"\">\n            \n            \n            \n        <\/div>\n            <div class=\"infobox-content\">\n                    <div class=\"infobox-title-section\">\n                <span class=\"title\">UNIQUE <\/span>            <\/div>\n            <div><p><span style=\"font-weight: 400;\">We use existing materials and fabric scraps \u2014 which means that most items cannot be exactly replicated. <\/span><\/p><\/div>        <\/div>\n            <\/div>\n\n\t\t\t\t\t\t<\/div>\n\t\t\t\t<\/div>\n\t\t\t\t<\/div>\n\t\t\t\t\t<\/div>\n\t\t\t\t<\/div>\n\t\t<div data-particle_enable=\"false\" data-particle-mobile-disabled=\"false\" class=\"elementor-element elementor-element-c8e2113 e-con-full e-flex e-con e-child\" data-id=\"c8e2113\" data-element_type=\"container\" data-settings=\"{&quot;background_background&quot;:&quot;classic&quot;}\">\n\t\t<div data-particle_enable=\"false\" data-particle-mobile-disabled=\"false\" class=\"elementor-element elementor-element-83a9a01 e-con-full e-flex e-con e-child\" data-id=\"83a9a01\" data-element_type=\"container\" data-settings=\"{&quot;background_background&quot;:&quot;classic&quot;}\">\n\t\t\t\t<div class=\"elementor-element elementor-element-d7b6df3 eael-infobox-shape-radius eael-infobox-content-align--center eael-infobox-hover-img-shape-square elementor-widget elementor-widget-eael-info-box\" data-id=\"d7b6df3\" data-element_type=\"widget\" data-widget_type=\"eael-info-box.default\">\n\t\t\t\t<div class=\"elementor-widget-container\">\n\t\t\t\t\t        <div class=\"eael-infobox\">\n\t            <div class=\"infobox-icon\">\n\n                            <img decoding=\"async\" src=\"https:\/\/humananova.org\/wp-content\/uploads\/2025\/04\/Foto-4.jpg\" alt=\"\">\n            \n            \n            \n        <\/div>\n            <div class=\"infobox-content\">\n                    <div class=\"infobox-title-section\">\n                <span class=\"title\">INCLUSIVE<\/span>            <\/div>\n            <div><p><span style=\"font-weight: 400;\">Every stage of textile collection and garment production involves people from vulnerable groups, giving them a fair opportunity.<\/span><\/p><\/div>        <\/div>\n            <\/div>\n\n\t\t\t\t\t\t<\/div>\n\t\t\t\t<\/div>\n\t\t\t\t<\/div>\n\t\t<div data-particle_enable=\"false\" data-particle-mobile-disabled=\"false\" class=\"elementor-element elementor-element-e575b56 e-con-full e-flex e-con e-child\" data-id=\"e575b56\" data-element_type=\"container\">\n\t\t\t\t<div class=\"elementor-element elementor-element-6d56eeb eael-infobox-shape-radius eael-infobox-content-align--center eael-infobox-hover-img-shape-square elementor-widget elementor-widget-eael-info-box\" data-id=\"6d56eeb\" data-element_type=\"widget\" data-widget_type=\"eael-info-box.default\">\n\t\t\t\t<div class=\"elementor-widget-container\">\n\t\t\t\t\t        <div class=\"eael-infobox\">\n\t            <div class=\"infobox-icon\">\n\n                            <img decoding=\"async\" src=\"https:\/\/humananova.org\/wp-content\/uploads\/2025\/04\/Foto-5.jpg\" alt=\"\">\n            \n            \n            \n        <\/div>\n            <div class=\"infobox-content\">\n                    <div class=\"infobox-title-section\">\n                <span class=\"title\">TRANSPARENT<\/span>            <\/div>\n            <div><p><span style=\"font-weight: 400;\">We openly share how and what we do \u2014 so you can make informed and conscious purchasing decisions. <\/span><\/p><\/div>        <\/div>\n            <\/div>\n\n\t\t\t\t\t\t<\/div>\n\t\t\t\t<\/div>\n\t\t\t\t<\/div>\n\t\t<div data-particle_enable=\"false\" data-particle-mobile-disabled=\"false\" class=\"elementor-element elementor-element-8827ca0 e-con-full e-flex e-con e-child\" data-id=\"8827ca0\" data-element_type=\"container\">\n\t\t\t\t<div class=\"elementor-element elementor-element-d2592e6 eael-infobox-shape-radius eael-infobox-content-align--center eael-infobox-hover-img-shape-square elementor-widget elementor-widget-eael-info-box\" data-id=\"d2592e6\" data-element_type=\"widget\" data-widget_type=\"eael-info-box.default\">\n\t\t\t\t<div class=\"elementor-widget-container\">\n\t\t\t\t\t        <div class=\"eael-infobox\">\n\t            <div class=\"infobox-icon\">\n\n                            <img decoding=\"async\" src=\"https:\/\/humananova.org\/wp-content\/uploads\/2025\/04\/Foto-6.jpg\" alt=\"\">\n            \n            \n            \n        <\/div>\n            <div class=\"infobox-content\">\n                    <div class=\"infobox-title-section\">\n                <span class=\"title\"> CIRCULAR<\/span>            <\/div>\n            <div><p><span style=\"font-weight: 400;\">We\u2019re a place where you can return your garment once you no longer need it. Until then, we hope it serves you well.<\/span><\/p><\/div>        <\/div>\n            <\/div>\n\n\t\t\t\t\t\t<\/div>\n\t\t\t\t<\/div>\n\t\t\t\t<\/div>\n\t\t\t\t<\/div>\n\t\t\t\t\t<\/div>\n\t\t\t\t<\/div>\n\t\t\t\t<\/div>","protected":false},"excerpt":{"rendered":"<p>Odr\u017eiva moda \u0161to radimo > odr\u017eiva moda ODR\u017dIVA MODA DANAS SPA\u0160AVA SVIJET SUTRA Ponukani \u010dinjenicom da je tekstil jedan od najve\u0107ih zaga\u0111iva\u010da okoli\u0161a te da se proizvodnja odje\u0107e u posljednja dva desetlje\u0107a drasti\u010dno pove\u0107ala, odlu\u010dili smo u svijetu mode ponuditi alternativu. Umjesto brze mode koja sa sobom nosi brzu i masovnu proizvodnju odje\u0107e, na\u0161a je [&hellip;]<\/p>\n","protected":false},"author":1,"featured_media":0,"parent":0,"menu_order":0,"comment_status":"closed","ping_status":"closed","template":"elementor_header_footer","meta":{"footnotes":""},"class_list":["post-828","page","type-page","status-publish","hentry"],"yoast_head":"<!-- This site is optimized with the Yoast SEO plugin v27.5 - https:\/\/yoast.com\/product\/yoast-seo-wordpress\/ -->\n<title>Odr\u017eiva moda - Humana Nova<\/title>\n<meta name=\"description\" content=\"Humana Nova stvara unikatne odr\u017eive predmete spore mode od vi\u0161kova i recikliranih materijala, \u0161tite\u0107i okoli\u0161 i mijenjaju\u0107i modnu industriju.\" \/>\n<meta name=\"robots\" content=\"index, follow, max-snippet:-1, max-image-preview:large, max-video-preview:-1\" \/>\n<link rel=\"canonical\" href=\"https:\/\/humananova.org\/en\/odrziva-moda\/\" \/>\n<meta property=\"og:locale\" content=\"en_US\" \/>\n<meta property=\"og:type\" content=\"article\" \/>\n<meta property=\"og:title\" content=\"Odr\u017eiva moda - Humana Nova\" \/>\n<meta property=\"og:description\" content=\"Humana Nova stvara unikatne odr\u017eive predmete spore mode od vi\u0161kova i recikliranih materijala, \u0161tite\u0107i okoli\u0161 i mijenjaju\u0107i modnu industriju.\" \/>\n<meta property=\"og:url\" content=\"https:\/\/humananova.org\/en\/odrziva-moda\/\" \/>\n<meta property=\"og:site_name\" content=\"Humana Nova\" \/>\n<meta property=\"article:publisher\" content=\"https:\/\/www.facebook.com\/humana.nova\/?locale=hr_HR\" \/>\n<meta property=\"article:modified_time\" content=\"2025-06-05T16:26:46+00:00\" \/>\n<meta property=\"og:image\" content=\"https:\/\/humananova.org\/wp-content\/uploads\/2025\/04\/Foto-1-1.jpg\" \/>\n<meta name=\"twitter:card\" content=\"summary_large_image\" \/>\n<meta name=\"twitter:label1\" content=\"Est. reading time\" \/>\n\t<meta name=\"twitter:data1\" content=\"3 minutes\" \/>\n<script type=\"application\/ld+json\" class=\"yoast-schema-graph\">{\"@context\":\"https:\\\/\\\/schema.org\",\"@graph\":[{\"@type\":\"WebPage\",\"@id\":\"https:\\\/\\\/humananova.org\\\/odrziva-moda\\\/\",\"url\":\"https:\\\/\\\/humananova.org\\\/odrziva-moda\\\/\",\"name\":\"Odr\u017eiva moda - Humana Nova\",\"isPartOf\":{\"@id\":\"https:\\\/\\\/humananova.org\\\/#website\"},\"primaryImageOfPage\":{\"@id\":\"https:\\\/\\\/humananova.org\\\/odrziva-moda\\\/#primaryimage\"},\"image\":{\"@id\":\"https:\\\/\\\/humananova.org\\\/odrziva-moda\\\/#primaryimage\"},\"thumbnailUrl\":\"https:\\\/\\\/humananova.org\\\/wp-content\\\/uploads\\\/2025\\\/04\\\/Foto-1-1.jpg\",\"datePublished\":\"2025-04-15T05:46:22+00:00\",\"dateModified\":\"2025-06-05T16:26:46+00:00\",\"description\":\"Humana Nova stvara unikatne odr\u017eive predmete spore mode od vi\u0161kova i recikliranih materijala, \u0161tite\u0107i okoli\u0161 i mijenjaju\u0107i modnu industriju.\",\"breadcrumb\":{\"@id\":\"https:\\\/\\\/humananova.org\\\/odrziva-moda\\\/#breadcrumb\"},\"inLanguage\":\"en-US\",\"potentialAction\":[{\"@type\":\"ReadAction\",\"target\":[\"https:\\\/\\\/humananova.org\\\/odrziva-moda\\\/\"]}]},{\"@type\":\"ImageObject\",\"inLanguage\":\"en-US\",\"@id\":\"https:\\\/\\\/humananova.org\\\/odrziva-moda\\\/#primaryimage\",\"url\":\"https:\\\/\\\/humananova.org\\\/wp-content\\\/uploads\\\/2025\\\/04\\\/Foto-1-1.jpg\",\"contentUrl\":\"https:\\\/\\\/humananova.org\\\/wp-content\\\/uploads\\\/2025\\\/04\\\/Foto-1-1.jpg\"},{\"@type\":\"BreadcrumbList\",\"@id\":\"https:\\\/\\\/humananova.org\\\/odrziva-moda\\\/#breadcrumb\",\"itemListElement\":[{\"@type\":\"ListItem\",\"position\":1,\"name\":\"Po\u010detna stranica\",\"item\":\"https:\\\/\\\/humananova.org\\\/\"},{\"@type\":\"ListItem\",\"position\":2,\"name\":\"Odr\u017eiva moda\"}]},{\"@type\":\"WebSite\",\"@id\":\"https:\\\/\\\/humananova.org\\\/#website\",\"url\":\"https:\\\/\\\/humananova.org\\\/\",\"name\":\"Humananova\",\"description\":\"\",\"publisher\":{\"@id\":\"https:\\\/\\\/humananova.org\\\/#organization\"},\"potentialAction\":[{\"@type\":\"SearchAction\",\"target\":{\"@type\":\"EntryPoint\",\"urlTemplate\":\"https:\\\/\\\/humananova.org\\\/?s={search_term_string}\"},\"query-input\":{\"@type\":\"PropertyValueSpecification\",\"valueRequired\":true,\"valueName\":\"search_term_string\"}}],\"inLanguage\":\"en-US\"},{\"@type\":\"Organization\",\"@id\":\"https:\\\/\\\/humananova.org\\\/#organization\",\"name\":\"Humananova\",\"url\":\"https:\\\/\\\/humananova.org\\\/\",\"logo\":{\"@type\":\"ImageObject\",\"inLanguage\":\"en-US\",\"@id\":\"https:\\\/\\\/humananova.org\\\/#\\\/schema\\\/logo\\\/image\\\/\",\"url\":\"https:\\\/\\\/humananova.org\\\/wp-content\\\/uploads\\\/2024\\\/01\\\/logo.png\",\"contentUrl\":\"https:\\\/\\\/humananova.org\\\/wp-content\\\/uploads\\\/2024\\\/01\\\/logo.png\",\"width\":609,\"height\":81,\"caption\":\"Humananova\"},\"image\":{\"@id\":\"https:\\\/\\\/humananova.org\\\/#\\\/schema\\\/logo\\\/image\\\/\"},\"sameAs\":[\"https:\\\/\\\/www.facebook.com\\\/humana.nova\\\/?locale=hr_HR\",\"https:\\\/\\\/www.instagram.com\\\/humananova\\\/\"]}]}<\/script>\n<!-- \/ Yoast SEO plugin. -->","yoast_head_json":{"title":"Odr\u017eiva moda - Humana Nova","description":"Humana Nova creates unique sustainable fashion items from surplus and recycled materials, protecting the environment and changing the fashion industry.","robots":{"index":"index","follow":"follow","max-snippet":"max-snippet:-1","max-image-preview":"max-image-preview:large","max-video-preview":"max-video-preview:-1"},"canonical":"https:\/\/humananova.org\/en\/odrziva-moda\/","og_locale":"en_US","og_type":"article","og_title":"Odr\u017eiva moda - Humana Nova","og_description":"Humana Nova stvara unikatne odr\u017eive predmete spore mode od vi\u0161kova i recikliranih materijala, \u0161tite\u0107i okoli\u0161 i mijenjaju\u0107i modnu industriju.","og_url":"https:\/\/humananova.org\/en\/odrziva-moda\/","og_site_name":"Humana Nova","article_publisher":"https:\/\/www.facebook.com\/humana.nova\/?locale=hr_HR","article_modified_time":"2025-06-05T16:26:46+00:00","og_image":[{"url":"https:\/\/humananova.org\/wp-content\/uploads\/2025\/04\/Foto-1-1.jpg","type":"","width":"","height":""}],"twitter_card":"summary_large_image","twitter_misc":{"Est. reading time":"3 minutes"},"schema":{"@context":"https:\/\/schema.org","@graph":[{"@type":"WebPage","@id":"https:\/\/humananova.org\/odrziva-moda\/","url":"https:\/\/humananova.org\/odrziva-moda\/","name":"Odr\u017eiva moda - Humana Nova","isPartOf":{"@id":"https:\/\/humananova.org\/#website"},"primaryImageOfPage":{"@id":"https:\/\/humananova.org\/odrziva-moda\/#primaryimage"},"image":{"@id":"https:\/\/humananova.org\/odrziva-moda\/#primaryimage"},"thumbnailUrl":"https:\/\/humananova.org\/wp-content\/uploads\/2025\/04\/Foto-1-1.jpg","datePublished":"2025-04-15T05:46:22+00:00","dateModified":"2025-06-05T16:26:46+00:00","description":"Humana Nova creates unique sustainable fashion items from surplus and recycled materials, protecting the environment and changing the fashion industry.","breadcrumb":{"@id":"https:\/\/humananova.org\/odrziva-moda\/#breadcrumb"},"inLanguage":"en-US","potentialAction":[{"@type":"ReadAction","target":["https:\/\/humananova.org\/odrziva-moda\/"]}]},{"@type":"ImageObject","inLanguage":"en-US","@id":"https:\/\/humananova.org\/odrziva-moda\/#primaryimage","url":"https:\/\/humananova.org\/wp-content\/uploads\/2025\/04\/Foto-1-1.jpg","contentUrl":"https:\/\/humananova.org\/wp-content\/uploads\/2025\/04\/Foto-1-1.jpg"},{"@type":"BreadcrumbList","@id":"https:\/\/humananova.org\/odrziva-moda\/#breadcrumb","itemListElement":[{"@type":"ListItem","position":1,"name":"Po\u010detna stranica","item":"https:\/\/humananova.org\/"},{"@type":"ListItem","position":2,"name":"Odr\u017eiva moda"}]},{"@type":"WebSite","@id":"https:\/\/humananova.org\/#website","url":"https:\/\/humananova.org\/","name":"Humananova","description":"","publisher":{"@id":"https:\/\/humananova.org\/#organization"},"potentialAction":[{"@type":"SearchAction","target":{"@type":"EntryPoint","urlTemplate":"https:\/\/humananova.org\/?s={search_term_string}"},"query-input":{"@type":"PropertyValueSpecification","valueRequired":true,"valueName":"search_term_string"}}],"inLanguage":"en-US"},{"@type":"Organization","@id":"https:\/\/humananova.org\/#organization","name":"Humananova","url":"https:\/\/humananova.org\/","logo":{"@type":"ImageObject","inLanguage":"en-US","@id":"https:\/\/humananova.org\/#\/schema\/logo\/image\/","url":"https:\/\/humananova.org\/wp-content\/uploads\/2024\/01\/logo.png","contentUrl":"https:\/\/humananova.org\/wp-content\/uploads\/2024\/01\/logo.png","width":609,"height":81,"caption":"Humananova"},"image":{"@id":"https:\/\/humananova.org\/#\/schema\/logo\/image\/"},"sameAs":["https:\/\/www.facebook.com\/humana.nova\/?locale=hr_HR","https:\/\/www.instagram.com\/humananova\/"]}]}},"_links":{"self":[{"href":"https:\/\/humananova.org\/en\/wp-json\/wp\/v2\/pages\/828","targetHints":{"allow":["GET"]}}],"collection":[{"href":"https:\/\/humananova.org\/en\/wp-json\/wp\/v2\/pages"}],"about":[{"href":"https:\/\/humananova.org\/en\/wp-json\/wp\/v2\/types\/page"}],"author":[{"embeddable":true,"href":"https:\/\/humananova.org\/en\/wp-json\/wp\/v2\/users\/1"}],"replies":[{"embeddable":true,"href":"https:\/\/humananova.org\/en\/wp-json\/wp\/v2\/comments?post=828"}],"version-history":[{"count":31,"href":"https:\/\/humananova.org\/en\/wp-json\/wp\/v2\/pages\/828\/revisions"}],"predecessor-version":[{"id":21158,"href":"https:\/\/humananova.org\/en\/wp-json\/wp\/v2\/pages\/828\/revisions\/21158"}],"wp:attachment":[{"href":"https:\/\/humananova.org\/en\/wp-json\/wp\/v2\/media?parent=828"}],"curies":[{"name":"wp","href":"https:\/\/api.w.org\/{rel}","templated":true}]}}