{"id":902,"date":"2025-04-15T13:14:16","date_gmt":"2025-04-15T11:14:16","guid":{"rendered":"https:\/\/humananova.org\/?page_id=902"},"modified":"2025-05-27T08:10:22","modified_gmt":"2025-05-27T06:10:22","slug":"industrijske-krpe","status":"publish","type":"page","link":"https:\/\/humananova.org\/en\/industrijske-krpe\/","title":{"rendered":"Industrial cleaning cloths"},"content":{"rendered":"<div data-elementor-type=\"wp-page\" data-elementor-id=\"902\" class=\"elementor elementor-902\" data-elementor-post-type=\"page\">\n\t\t\t\t<div data-particle_enable=\"false\" data-particle-mobile-disabled=\"false\" class=\"elementor-element elementor-element-b54b2cf e-flex e-con-boxed e-con e-parent\" data-id=\"b54b2cf\" data-element_type=\"container\" data-settings=\"{&quot;background_background&quot;:&quot;classic&quot;}\">\n\t\t\t\t\t<div class=\"e-con-inner\">\n\t\t<div data-particle_enable=\"false\" data-particle-mobile-disabled=\"false\" class=\"elementor-element elementor-element-a6f6379 e-con-full e-flex elementor-invisible e-con e-child\" data-id=\"a6f6379\" data-element_type=\"container\" data-settings=\"{&quot;animation&quot;:&quot;fadeInUp&quot;,&quot;animation_delay&quot;:200}\">\n\t\t\t\t<div class=\"elementor-element elementor-element-0502722 elementor-widget elementor-widget-heading\" data-id=\"0502722\" data-element_type=\"widget\" data-widget_type=\"heading.default\">\n\t\t\t\t<div class=\"elementor-widget-container\">\n\t\t\t\t\t<div class=\"elementor-heading-title elementor-size-default\">Industrial cleaning cloths<\/div>\t\t\t\t<\/div>\n\t\t\t\t<\/div>\n\t\t\t\t<\/div>\n\t\t<div data-particle_enable=\"false\" data-particle-mobile-disabled=\"false\" class=\"elementor-element elementor-element-424043c e-con-full e-flex elementor-invisible e-con e-child\" data-id=\"424043c\" data-element_type=\"container\" data-settings=\"{&quot;animation&quot;:&quot;fadeInUp&quot;,&quot;animation_delay&quot;:100}\">\n\t\t\t\t<div class=\"elementor-element elementor-element-3efb7af elementor-widget elementor-widget-heading\" data-id=\"3efb7af\" data-element_type=\"widget\" data-widget_type=\"heading.default\">\n\t\t\t\t<div class=\"elementor-widget-container\">\n\t\t\t\t\t<h2 class=\"elementor-heading-title elementor-size-default\"><a href=\"#\">b2b suradnja<\/a><\/h2>\t\t\t\t<\/div>\n\t\t\t\t<\/div>\n\t\t\t\t<div class=\"elementor-element elementor-element-b0cdcf9 elementor-widget elementor-widget-heading\" data-id=\"b0cdcf9\" data-element_type=\"widget\" data-widget_type=\"heading.default\">\n\t\t\t\t<div class=\"elementor-widget-container\">\n\t\t\t\t\t<div class=\"elementor-heading-title elementor-size-default\">><\/div>\t\t\t\t<\/div>\n\t\t\t\t<\/div>\n\t\t\t\t<div class=\"elementor-element elementor-element-e86abcc elementor-widget elementor-widget-heading\" data-id=\"e86abcc\" data-element_type=\"widget\" data-widget_type=\"heading.default\">\n\t\t\t\t<div class=\"elementor-widget-container\">\n\t\t\t\t\t<h2 class=\"elementor-heading-title elementor-size-default\"><a href=\"#\">Industrial cleaning cloths<\/a><\/h2>\t\t\t\t<\/div>\n\t\t\t\t<\/div>\n\t\t\t\t<\/div>\n\t\t\t\t\t<\/div>\n\t\t\t\t<\/div>\n\t\t\t\t<section data-particle_enable=\"false\" data-particle-mobile-disabled=\"false\" class=\"elementor-section elementor-top-section elementor-element elementor-element-435892e6 elementor-section-boxed elementor-section-height-default elementor-section-height-default\" data-id=\"435892e6\" data-element_type=\"section\">\n\t\t\t\t\t\t<div class=\"elementor-container elementor-column-gap-no\">\n\t\t\t\t\t<div class=\"elementor-column elementor-col-100 elementor-top-column elementor-element elementor-element-71e13119\" data-id=\"71e13119\" data-element_type=\"column\">\n\t\t\t<div class=\"elementor-widget-wrap elementor-element-populated\">\n\t\t\t\t\t\t<div class=\"elementor-element elementor-element-58077c55 elementor-widget elementor-widget-text-editor\" data-id=\"58077c55\" data-element_type=\"widget\" data-widget_type=\"text-editor.default\">\n\t\t\t\t<div class=\"elementor-widget-container\">\n\t\t\t\t\t\t\t\t\t<p>Looking for industrial cleaning and wiping rags with high absorbency?<\/p><p>Using recycled textile materials, our product offers functionality while reducing the environmental footprint of your business.<\/p><p>If you work in an industry where cleaning and wiping parts is a daily task, we understand how important cotton rags are to you.<\/p>\t\t\t\t\t\t\t\t<\/div>\n\t\t\t\t<\/div>\n\t\t\t\t\t<\/div>\n\t\t<\/div>\n\t\t\t\t\t<\/div>\n\t\t<\/section>\n\t\t<div data-particle_enable=\"false\" data-particle-mobile-disabled=\"false\" class=\"elementor-element elementor-element-384e93f6 e-flex e-con-boxed e-con e-parent\" data-id=\"384e93f6\" data-element_type=\"container\">\n\t\t\t\t\t<div class=\"e-con-inner\">\n\t\t<div data-particle_enable=\"false\" data-particle-mobile-disabled=\"false\" class=\"elementor-element elementor-element-60a823eb e-con-full e-flex elementor-invisible e-con e-child\" data-id=\"60a823eb\" data-element_type=\"container\" data-settings=\"{&quot;animation&quot;:&quot;fadeInUp&quot;,&quot;animation_delay&quot;:100}\">\n\t\t<div data-particle_enable=\"false\" data-particle-mobile-disabled=\"false\" class=\"elementor-element elementor-element-5bbd3c0a e-flex e-con-boxed e-con e-child\" data-id=\"5bbd3c0a\" data-element_type=\"container\">\n\t\t\t\t\t<div class=\"e-con-inner\">\n\t\t\t\t<div class=\"elementor-element elementor-element-45498334 elementor-widget elementor-widget-image\" data-id=\"45498334\" data-element_type=\"widget\" data-widget_type=\"image.default\">\n\t\t\t\t<div class=\"elementor-widget-container\">\n\t\t\t\t\t\t\t\t\t\t\t\t\t\t\t<img fetchpriority=\"high\" decoding=\"async\" width=\"1200\" height=\"800\" src=\"https:\/\/humananova.org\/wp-content\/uploads\/2025\/04\/DSC06031.jpg\" class=\"attachment-full size-full wp-image-904\" alt=\"\" srcset=\"https:\/\/humananova.org\/wp-content\/uploads\/2025\/04\/DSC06031.jpg 1200w, https:\/\/humananova.org\/wp-content\/uploads\/2025\/04\/DSC06031-300x200.jpg 300w, https:\/\/humananova.org\/wp-content\/uploads\/2025\/04\/DSC06031-1024x683.jpg 1024w, https:\/\/humananova.org\/wp-content\/uploads\/2025\/04\/DSC06031-768x512.jpg 768w\" sizes=\"(max-width: 1200px) 100vw, 1200px\" \/>\t\t\t\t\t\t\t\t\t\t\t\t\t\t\t<\/div>\n\t\t\t\t<\/div>\n\t\t\t\t<div class=\"elementor-element elementor-element-bd3c254 elementor-widget elementor-widget-image\" data-id=\"bd3c254\" data-element_type=\"widget\" data-widget_type=\"image.default\">\n\t\t\t\t<div class=\"elementor-widget-container\">\n\t\t\t\t\t\t\t\t\t\t\t\t\t\t\t<img decoding=\"async\" width=\"1200\" height=\"800\" src=\"https:\/\/humananova.org\/wp-content\/uploads\/2025\/04\/DSC06017-1.jpg\" class=\"attachment-full size-full wp-image-905\" alt=\"\" srcset=\"https:\/\/humananova.org\/wp-content\/uploads\/2025\/04\/DSC06017-1.jpg 1200w, https:\/\/humananova.org\/wp-content\/uploads\/2025\/04\/DSC06017-1-300x200.jpg 300w, https:\/\/humananova.org\/wp-content\/uploads\/2025\/04\/DSC06017-1-1024x683.jpg 1024w, https:\/\/humananova.org\/wp-content\/uploads\/2025\/04\/DSC06017-1-768x512.jpg 768w\" sizes=\"(max-width: 1200px) 100vw, 1200px\" \/>\t\t\t\t\t\t\t\t\t\t\t\t\t\t\t<\/div>\n\t\t\t\t<\/div>\n\t\t\t\t\t<\/div>\n\t\t\t\t<\/div>\n\t\t\t\t<\/div>\n\t\t<div data-particle_enable=\"false\" data-particle-mobile-disabled=\"false\" class=\"elementor-element elementor-element-61e0351b e-con-full e-flex elementor-invisible e-con e-child\" data-id=\"61e0351b\" data-element_type=\"container\" data-settings=\"{&quot;animation&quot;:&quot;fadeInUp&quot;,&quot;animation_delay&quot;:200}\">\n\t\t\t\t<div class=\"elementor-element elementor-element-2b580236 elementor-widget elementor-widget-heading\" data-id=\"2b580236\" data-element_type=\"widget\" data-widget_type=\"heading.default\">\n\t\t\t\t<div class=\"elementor-widget-container\">\n\t\t\t\t\t<h5 class=\"elementor-heading-title elementor-size-default\">Why industrial rags?<\/h5>\t\t\t\t<\/div>\n\t\t\t\t<\/div>\n\t\t<div data-particle_enable=\"false\" data-particle-mobile-disabled=\"false\" class=\"elementor-element elementor-element-3870510 e-flex e-con-boxed e-con e-child\" data-id=\"3870510\" data-element_type=\"container\">\n\t\t\t\t\t<div class=\"e-con-inner\">\n\t\t<div data-particle_enable=\"false\" data-particle-mobile-disabled=\"false\" class=\"elementor-element elementor-element-5afe49b0 e-con-full e-flex e-con e-child\" data-id=\"5afe49b0\" data-element_type=\"container\">\n\t\t\t\t<div class=\"elementor-element elementor-element-aa4b9ac elementor-icon-list--layout-traditional elementor-list-item-link-full_width elementor-widget elementor-widget-icon-list\" data-id=\"aa4b9ac\" data-element_type=\"widget\" data-widget_type=\"icon-list.default\">\n\t\t\t\t<div class=\"elementor-widget-container\">\n\t\t\t\t\t\t\t<ul class=\"elementor-icon-list-items\">\n\t\t\t\t\t\t\t<li class=\"elementor-icon-list-item\">\n\t\t\t\t\t\t\t\t\t\t\t<span class=\"elementor-icon-list-icon\">\n\t\t\t\t\t\t\t<svg aria-hidden=\"true\" class=\"e-font-icon-svg e-fas-circle\" viewbox=\"0 0 512 512\" xmlns=\"http:\/\/www.w3.org\/2000\/svg\"><path d=\"M256 8C119 8 8 119 8 256s111 248 248 248 248-111 248-248S393 8 256 8z\"><\/path><\/svg>\t\t\t\t\t\t<\/span>\n\t\t\t\t\t\t\t\t\t\t<span class=\"elementor-icon-list-text\"><b>High absorbency<\/b> \u2013 we sort and select only materials with the highest cotton content<\/span>\n\t\t\t\t\t\t\t\t\t<\/li>\n\t\t\t\t\t\t\t\t<li class=\"elementor-icon-list-item\">\n\t\t\t\t\t\t\t\t\t\t\t<span class=\"elementor-icon-list-icon\">\n\t\t\t\t\t\t\t<svg aria-hidden=\"true\" class=\"e-font-icon-svg e-fas-circle\" viewbox=\"0 0 512 512\" xmlns=\"http:\/\/www.w3.org\/2000\/svg\"><path d=\"M256 8C119 8 8 119 8 256s111 248 248 248 248-111 248-248S393 8 256 8z\"><\/path><\/svg>\t\t\t\t\t\t<\/span>\n\t\t\t\t\t\t\t\t\t\t<span class=\"elementor-icon-list-text\"><b>Ready to use<\/b> \u2013 we remove all elements such as labels and tags and cut the rags to your preferred size<\/span>\n\t\t\t\t\t\t\t\t\t<\/li>\n\t\t\t\t\t\t\t\t<li class=\"elementor-icon-list-item\">\n\t\t\t\t\t\t\t\t\t\t\t<span class=\"elementor-icon-list-icon\">\n\t\t\t\t\t\t\t<svg aria-hidden=\"true\" class=\"e-font-icon-svg e-fas-circle\" viewbox=\"0 0 512 512\" xmlns=\"http:\/\/www.w3.org\/2000\/svg\"><path d=\"M256 8C119 8 8 119 8 256s111 248 248 248 248-111 248-248S393 8 256 8z\"><\/path><\/svg>\t\t\t\t\t\t<\/span>\n\t\t\t\t\t\t\t\t\t\t<span class=\"elementor-icon-list-text\"><b>Recycled materials<\/b> \u2013 through these processes, we reduce textile waste and give new life to existing materials<\/span>\n\t\t\t\t\t\t\t\t\t<\/li>\n\t\t\t\t\t\t\t\t<li class=\"elementor-icon-list-item\">\n\t\t\t\t\t\t\t\t\t\t\t<span class=\"elementor-icon-list-icon\">\n\t\t\t\t\t\t\t<svg aria-hidden=\"true\" class=\"e-font-icon-svg e-fas-circle\" viewbox=\"0 0 512 512\" xmlns=\"http:\/\/www.w3.org\/2000\/svg\"><path d=\"M256 8C119 8 8 119 8 256s111 248 248 248 248-111 248-248S393 8 256 8z\"><\/path><\/svg>\t\t\t\t\t\t<\/span>\n\t\t\t\t\t\t\t\t\t\t<span class=\"elementor-icon-list-text\"><b>Social Responsibility<\/b> \u2013 individuals with disabilities work in the cutting process of industrial rags<\/span>\n\t\t\t\t\t\t\t\t\t<\/li>\n\t\t\t\t\t\t<\/ul>\n\t\t\t\t\t\t<\/div>\n\t\t\t\t<\/div>\n\t\t\t\t<\/div>\n\t\t\t\t\t<\/div>\n\t\t\t\t<\/div>\n\t\t\t\t<div class=\"elementor-element elementor-element-f735da elementor-widget-divider--view-line elementor-widget elementor-widget-divider\" data-id=\"f735da\" data-element_type=\"widget\" data-widget_type=\"divider.default\">\n\t\t\t\t<div class=\"elementor-widget-container\">\n\t\t\t\t\t\t\t<div class=\"elementor-divider\">\n\t\t\t<span class=\"elementor-divider-separator\">\n\t\t\t\t\t\t<\/span>\n\t\t<\/div>\n\t\t\t\t\t\t<\/div>\n\t\t\t\t<\/div>\n\t\t\t\t<div class=\"elementor-element elementor-element-f7177ba elementor-widget elementor-widget-text-editor\" data-id=\"f7177ba\" data-element_type=\"widget\" data-widget_type=\"text-editor.default\">\n\t\t\t\t<div class=\"elementor-widget-container\">\n\t\t\t\t\t\t\t\t\t<p><span style=\"font-weight: 400;\"><b>Textile doesn't end up as waste<\/b> \u2013 instead of breaking down in landfills, textiles are repurposed, people have jobs that change their lives, and you receive a product that supports social enterprises, employment for people with disabilities, and a circular waste management model. <\/span><\/p>\t\t\t\t\t\t\t\t<\/div>\n\t\t\t\t<\/div>\n\t\t\t\t<\/div>\n\t\t\t\t\t<\/div>\n\t\t\t\t<\/div>\n\t\t\t\t<\/div>","protected":false},"excerpt":{"rendered":"<p>Industrijske krpe b2b suradnja > Industrijske krpe Tra\u017eite industrijske krpe za \u010di\u0161\u0107enje i brisanje s visokim stupnjem upijanja? Koriste\u0107i reciklirane tekstilne materijale, na\u0161 proizvod nudi funkcionalnost i smanjuje ekolo\u0161ki otisak va\u0161eg poslovanja. Ako radite u industriji u kojoj je \u010di\u0161\u0107enje i brisanje dijelova svakodnevica, znamo koliko su vam pamu\u010dne krpe va\u017ene. Za\u0161to industrijske krpe? Visoka [&hellip;]<\/p>\n","protected":false},"author":1,"featured_media":0,"parent":0,"menu_order":0,"comment_status":"closed","ping_status":"closed","template":"elementor_header_footer","meta":{"footnotes":""},"class_list":["post-902","page","type-page","status-publish","hentry"],"yoast_head":"<!-- This site is optimized with the Yoast SEO plugin v27.5 - https:\/\/yoast.com\/product\/yoast-seo-wordpress\/ -->\n<title>Industrijske krpe - Humana Nova<\/title>\n<meta name=\"description\" content=\"Industrial cloths made from recycled cotton: high absorbency, socially responsible production, and textile waste reduction for sustainable business.\" \/>\n<meta name=\"robots\" content=\"index, follow, max-snippet:-1, max-image-preview:large, max-video-preview:-1\" \/>\n<link rel=\"canonical\" href=\"https:\/\/humananova.org\/en\/industrijske-krpe\/\" \/>\n<meta property=\"og:locale\" content=\"en_US\" \/>\n<meta property=\"og:type\" content=\"article\" \/>\n<meta property=\"og:title\" content=\"Industrijske krpe - Humana Nova\" \/>\n<meta property=\"og:description\" content=\"Industrial cloths made from recycled cotton: high absorbency, socially responsible production, and textile waste reduction for sustainable business.\" \/>\n<meta property=\"og:url\" content=\"https:\/\/humananova.org\/en\/industrijske-krpe\/\" \/>\n<meta property=\"og:site_name\" content=\"Humana Nova\" \/>\n<meta property=\"article:publisher\" content=\"https:\/\/www.facebook.com\/humana.nova\/?locale=hr_HR\" \/>\n<meta property=\"article:modified_time\" content=\"2025-05-27T06:10:22+00:00\" \/>\n<meta property=\"og:image\" content=\"https:\/\/humananova.org\/wp-content\/uploads\/2025\/04\/DSC06031.jpg\" \/>\n\t<meta property=\"og:image:width\" content=\"1200\" \/>\n\t<meta property=\"og:image:height\" content=\"800\" \/>\n\t<meta property=\"og:image:type\" content=\"image\/jpeg\" \/>\n<meta name=\"twitter:card\" content=\"summary_large_image\" \/>\n<meta name=\"twitter:label1\" content=\"Est. reading time\" \/>\n\t<meta name=\"twitter:data1\" content=\"2 minutes\" \/>\n<script type=\"application\/ld+json\" class=\"yoast-schema-graph\">{\"@context\":\"https:\\\/\\\/schema.org\",\"@graph\":[{\"@type\":\"WebPage\",\"@id\":\"https:\\\/\\\/humananova.org\\\/industrijske-krpe\\\/\",\"url\":\"https:\\\/\\\/humananova.org\\\/industrijske-krpe\\\/\",\"name\":\"Industrijske krpe - Humana Nova\",\"isPartOf\":{\"@id\":\"https:\\\/\\\/humananova.org\\\/#website\"},\"primaryImageOfPage\":{\"@id\":\"https:\\\/\\\/humananova.org\\\/industrijske-krpe\\\/#primaryimage\"},\"image\":{\"@id\":\"https:\\\/\\\/humananova.org\\\/industrijske-krpe\\\/#primaryimage\"},\"thumbnailUrl\":\"https:\\\/\\\/humananova.org\\\/wp-content\\\/uploads\\\/2025\\\/04\\\/DSC06031.jpg\",\"datePublished\":\"2025-04-15T11:14:16+00:00\",\"dateModified\":\"2025-05-27T06:10:22+00:00\",\"description\":\"Industrial cloths made from recycled cotton: high absorbency, socially responsible production, and textile waste reduction for sustainable business.\",\"breadcrumb\":{\"@id\":\"https:\\\/\\\/humananova.org\\\/industrijske-krpe\\\/#breadcrumb\"},\"inLanguage\":\"en-US\",\"potentialAction\":[{\"@type\":\"ReadAction\",\"target\":[\"https:\\\/\\\/humananova.org\\\/industrijske-krpe\\\/\"]}]},{\"@type\":\"ImageObject\",\"inLanguage\":\"en-US\",\"@id\":\"https:\\\/\\\/humananova.org\\\/industrijske-krpe\\\/#primaryimage\",\"url\":\"https:\\\/\\\/humananova.org\\\/wp-content\\\/uploads\\\/2025\\\/04\\\/DSC06031.jpg\",\"contentUrl\":\"https:\\\/\\\/humananova.org\\\/wp-content\\\/uploads\\\/2025\\\/04\\\/DSC06031.jpg\"},{\"@type\":\"BreadcrumbList\",\"@id\":\"https:\\\/\\\/humananova.org\\\/industrijske-krpe\\\/#breadcrumb\",\"itemListElement\":[{\"@type\":\"ListItem\",\"position\":1,\"name\":\"Po\u010detna stranica\",\"item\":\"https:\\\/\\\/humananova.org\\\/\"},{\"@type\":\"ListItem\",\"position\":2,\"name\":\"Industrijske krpe\"}]},{\"@type\":\"WebSite\",\"@id\":\"https:\\\/\\\/humananova.org\\\/#website\",\"url\":\"https:\\\/\\\/humananova.org\\\/\",\"name\":\"Humananova\",\"description\":\"\",\"publisher\":{\"@id\":\"https:\\\/\\\/humananova.org\\\/#organization\"},\"potentialAction\":[{\"@type\":\"SearchAction\",\"target\":{\"@type\":\"EntryPoint\",\"urlTemplate\":\"https:\\\/\\\/humananova.org\\\/?s={search_term_string}\"},\"query-input\":{\"@type\":\"PropertyValueSpecification\",\"valueRequired\":true,\"valueName\":\"search_term_string\"}}],\"inLanguage\":\"en-US\"},{\"@type\":\"Organization\",\"@id\":\"https:\\\/\\\/humananova.org\\\/#organization\",\"name\":\"Humananova\",\"url\":\"https:\\\/\\\/humananova.org\\\/\",\"logo\":{\"@type\":\"ImageObject\",\"inLanguage\":\"en-US\",\"@id\":\"https:\\\/\\\/humananova.org\\\/#\\\/schema\\\/logo\\\/image\\\/\",\"url\":\"https:\\\/\\\/humananova.org\\\/wp-content\\\/uploads\\\/2024\\\/01\\\/logo.png\",\"contentUrl\":\"https:\\\/\\\/humananova.org\\\/wp-content\\\/uploads\\\/2024\\\/01\\\/logo.png\",\"width\":609,\"height\":81,\"caption\":\"Humananova\"},\"image\":{\"@id\":\"https:\\\/\\\/humananova.org\\\/#\\\/schema\\\/logo\\\/image\\\/\"},\"sameAs\":[\"https:\\\/\\\/www.facebook.com\\\/humana.nova\\\/?locale=hr_HR\",\"https:\\\/\\\/www.instagram.com\\\/humananova\\\/\"]}]}<\/script>\n<!-- \/ Yoast SEO plugin. -->","yoast_head_json":{"title":"Industrijske krpe - Humana Nova","description":"Industrial cloths made from recycled cotton: high absorbency, socially responsible production, and textile waste reduction for sustainable business.","robots":{"index":"index","follow":"follow","max-snippet":"max-snippet:-1","max-image-preview":"max-image-preview:large","max-video-preview":"max-video-preview:-1"},"canonical":"https:\/\/humananova.org\/en\/industrijske-krpe\/","og_locale":"en_US","og_type":"article","og_title":"Industrijske krpe - Humana Nova","og_description":"Industrial cloths made from recycled cotton: high absorbency, socially responsible production, and textile waste reduction for sustainable business.","og_url":"https:\/\/humananova.org\/en\/industrijske-krpe\/","og_site_name":"Humana Nova","article_publisher":"https:\/\/www.facebook.com\/humana.nova\/?locale=hr_HR","article_modified_time":"2025-05-27T06:10:22+00:00","og_image":[{"width":1200,"height":800,"url":"https:\/\/humananova.org\/wp-content\/uploads\/2025\/04\/DSC06031.jpg","type":"image\/jpeg"}],"twitter_card":"summary_large_image","twitter_misc":{"Est. reading time":"2 minutes"},"schema":{"@context":"https:\/\/schema.org","@graph":[{"@type":"WebPage","@id":"https:\/\/humananova.org\/industrijske-krpe\/","url":"https:\/\/humananova.org\/industrijske-krpe\/","name":"Industrijske krpe - Humana Nova","isPartOf":{"@id":"https:\/\/humananova.org\/#website"},"primaryImageOfPage":{"@id":"https:\/\/humananova.org\/industrijske-krpe\/#primaryimage"},"image":{"@id":"https:\/\/humananova.org\/industrijske-krpe\/#primaryimage"},"thumbnailUrl":"https:\/\/humananova.org\/wp-content\/uploads\/2025\/04\/DSC06031.jpg","datePublished":"2025-04-15T11:14:16+00:00","dateModified":"2025-05-27T06:10:22+00:00","description":"Industrial cloths made from recycled cotton: high absorbency, socially responsible production, and textile waste reduction for sustainable business.","breadcrumb":{"@id":"https:\/\/humananova.org\/industrijske-krpe\/#breadcrumb"},"inLanguage":"en-US","potentialAction":[{"@type":"ReadAction","target":["https:\/\/humananova.org\/industrijske-krpe\/"]}]},{"@type":"ImageObject","inLanguage":"en-US","@id":"https:\/\/humananova.org\/industrijske-krpe\/#primaryimage","url":"https:\/\/humananova.org\/wp-content\/uploads\/2025\/04\/DSC06031.jpg","contentUrl":"https:\/\/humananova.org\/wp-content\/uploads\/2025\/04\/DSC06031.jpg"},{"@type":"BreadcrumbList","@id":"https:\/\/humananova.org\/industrijske-krpe\/#breadcrumb","itemListElement":[{"@type":"ListItem","position":1,"name":"Po\u010detna stranica","item":"https:\/\/humananova.org\/"},{"@type":"ListItem","position":2,"name":"Industrijske krpe"}]},{"@type":"WebSite","@id":"https:\/\/humananova.org\/#website","url":"https:\/\/humananova.org\/","name":"Humananova","description":"","publisher":{"@id":"https:\/\/humananova.org\/#organization"},"potentialAction":[{"@type":"SearchAction","target":{"@type":"EntryPoint","urlTemplate":"https:\/\/humananova.org\/?s={search_term_string}"},"query-input":{"@type":"PropertyValueSpecification","valueRequired":true,"valueName":"search_term_string"}}],"inLanguage":"en-US"},{"@type":"Organization","@id":"https:\/\/humananova.org\/#organization","name":"Humananova","url":"https:\/\/humananova.org\/","logo":{"@type":"ImageObject","inLanguage":"en-US","@id":"https:\/\/humananova.org\/#\/schema\/logo\/image\/","url":"https:\/\/humananova.org\/wp-content\/uploads\/2024\/01\/logo.png","contentUrl":"https:\/\/humananova.org\/wp-content\/uploads\/2024\/01\/logo.png","width":609,"height":81,"caption":"Humananova"},"image":{"@id":"https:\/\/humananova.org\/#\/schema\/logo\/image\/"},"sameAs":["https:\/\/www.facebook.com\/humana.nova\/?locale=hr_HR","https:\/\/www.instagram.com\/humananova\/"]}]}},"_links":{"self":[{"href":"https:\/\/humananova.org\/en\/wp-json\/wp\/v2\/pages\/902","targetHints":{"allow":["GET"]}}],"collection":[{"href":"https:\/\/humananova.org\/en\/wp-json\/wp\/v2\/pages"}],"about":[{"href":"https:\/\/humananova.org\/en\/wp-json\/wp\/v2\/types\/page"}],"author":[{"embeddable":true,"href":"https:\/\/humananova.org\/en\/wp-json\/wp\/v2\/users\/1"}],"replies":[{"embeddable":true,"href":"https:\/\/humananova.org\/en\/wp-json\/wp\/v2\/comments?post=902"}],"version-history":[{"count":16,"href":"https:\/\/humananova.org\/en\/wp-json\/wp\/v2\/pages\/902\/revisions"}],"predecessor-version":[{"id":21052,"href":"https:\/\/humananova.org\/en\/wp-json\/wp\/v2\/pages\/902\/revisions\/21052"}],"wp:attachment":[{"href":"https:\/\/humananova.org\/en\/wp-json\/wp\/v2\/media?parent=902"}],"curies":[{"name":"wp","href":"https:\/\/api.w.org\/{rel}","templated":true}]}}